

{"id":975,"date":"2018-06-07T13:55:50","date_gmt":"2018-06-07T12:55:50","guid":{"rendered":"http:\/\/www.drd-software.com\/?post_type=product&#038;p=975"},"modified":"2018-06-07T14:01:06","modified_gmt":"2018-06-07T13:01:06","slug":"dkw-modul-konyvvizsgalo-xml-export","status":"publish","type":"product","link":"https:\/\/www.drd-software.com\/?product=dkw-modul-konyvvizsgalo-xml-export","title":{"rendered":"DKW modul &#8211; K\u00f6nyvvizsg\u00e1l\u00f3 XML export"},"content":{"rendered":"<h3>MKVK \u00e1ltal aj\u00e1nlott form\u00e1tum\u00fa XML export modul<\/h3>\n<p>A Magyar K\u00f6nyvvizsg\u00e1l\u00f3i Kamara \u00e1ltal aj\u00e1nlott form\u00e1tumban lehet kinyerni bel\u0151le az adatokat, az elemz\u0151 programban t\u00f6rt\u00e9n\u0151 tov\u00e1bbi feldolgoz\u00e1shoz.<\/p>\n","protected":false},"excerpt":{"rendered":"<p>MKVK \u00e1ltal aj\u00e1nlott form\u00e1tum\u00fa XML export modul A Magyar K\u00f6nyvvizsg\u00e1l\u00f3i Kamara \u00e1ltal aj\u00e1nlott form\u00e1tumban lehet kinyerni bel\u0151le az adatokat, az elemz\u0151 programban t\u00f6rt\u00e9n\u0151 tov\u00e1bbi feldolgoz\u00e1shoz.<\/p>\n","protected":false},"featured_media":510,"comment_status":"closed","ping_status":"closed","template":"","meta":[],"product_brand":[],"product_cat":[41,36],"product_tag":[],"class_list":{"0":"post-975","1":"product","2":"type-product","3":"status-publish","4":"has-post-thumbnail","6":"product_cat-dkwmodul","7":"product_cat-kettos","9":"first","10":"instock","11":"taxable","12":"shipping-taxable","13":"purchasable","14":"product-type-simple"},"_links":{"self":[{"href":"https:\/\/www.drd-software.com\/index.php?rest_route=\/wp\/v2\/product\/975","targetHints":{"allow":["GET"]}}],"collection":[{"href":"https:\/\/www.drd-software.com\/index.php?rest_route=\/wp\/v2\/product"}],"about":[{"href":"https:\/\/www.drd-software.com\/index.php?rest_route=\/wp\/v2\/types\/product"}],"replies":[{"embeddable":true,"href":"https:\/\/www.drd-software.com\/index.php?rest_route=%2Fwp%2Fv2%2Fcomments&post=975"}],"wp:featuredmedia":[{"embeddable":true,"href":"https:\/\/www.drd-software.com\/index.php?rest_route=\/wp\/v2\/media\/510"}],"wp:attachment":[{"href":"https:\/\/www.drd-software.com\/index.php?rest_route=%2Fwp%2Fv2%2Fmedia&parent=975"}],"wp:term":[{"taxonomy":"product_brand","embeddable":true,"href":"https:\/\/www.drd-software.com\/index.php?rest_route=%2Fwp%2Fv2%2Fproduct_brand&post=975"},{"taxonomy":"product_cat","embeddable":true,"href":"https:\/\/www.drd-software.com\/index.php?rest_route=%2Fwp%2Fv2%2Fproduct_cat&post=975"},{"taxonomy":"product_tag","embeddable":true,"href":"https:\/\/www.drd-software.com\/index.php?rest_route=%2Fwp%2Fv2%2Fproduct_tag&post=975"}],"curies":[{"name":"wp","href":"https:\/\/api.w.org\/{rel}","templated":true}]}}