

{"id":630,"date":"2014-03-14T11:01:52","date_gmt":"2014-03-14T10:01:52","guid":{"rendered":"http:\/\/www.drd-software.hu\/?post_type=product&#038;p=630"},"modified":"2024-03-25T08:32:11","modified_gmt":"2024-03-25T07:32:11","slug":"drd-konyvelesi-asszisztens","status":"publish","type":"product","link":"https:\/\/www.drd-software.com\/?product=drd-konyvelesi-asszisztens","title":{"rendered":"DRD K\u00f6nyvel\u00e9si Asszisztens"},"content":{"rendered":"<p>El\u0151fordult m\u00e1r olyan, hogy<\/p>\n<ul>\n<li>gondot okozott az adatment\u00e9s elk\u00e9sz\u00edt\u00e9se? Net\u00e1n rendszeresen informatikus seg\u00edts\u00e9g\u00e9re van sz\u00fcks\u00e9ge?<\/li>\n<li>elfelejtett beadni egy bevall\u00e1st id\u0151ben?<\/li>\n<li>ha \u00d6n t\u00f6bb c\u00e9get kezel (k\u00f6nyvel\u00e9s, b\u00e9rsz\u00e1mfejt\u00e9s), kimaradt egy-egy c\u00e9gnek valamely bevall\u00e1s\u00e1nak a bek\u00fcld\u00e9se?<\/li>\n<li>nem \u00edrta meg a k\u00f6nyvel\u00e9si d\u00edj sz\u00e1ml\u00e1t (vagy csak k\u00e9sve) valamely c\u00e9g\u00e9nek?<\/li>\n<li>\u00f6sszerakta a besz\u00e1mol\u00f3t, de elfelejtette bek\u00fcldeni?<\/li>\n<li>nem \u00e9rtes\u00fclt egy fontos friss\u00edt\u00e9sr\u0151l, amikor jogszab\u00e1lyv\u00e1ltoz\u00e1s volt?<\/li>\n<li>vesz\u00edtette el adatait egy sz\u00e1m\u00edt\u00f3g\u00e9phiba miatt \u00e9s nem volt lementve a munk\u00e1ja a programjainkb\u00f3l?<\/li>\n<li>sok ideje ment el a ment\u00e9sek k\u00e9sz\u00edt\u00e9s\u00e9re?<\/li>\n<li>nem voltak k\u00e9zn\u00e9l \u00fcgyfelei adatai, amikor sz\u00fcks\u00e9g lett volna r\u00e1?<\/li>\n<\/ul>\n<p>K\u00f6nyvel\u00e9si asszisztens programunk ezekre a probl\u00e9m\u00e1kra k\u00edn\u00e1l egyszer\u0171, gyors megold\u00e1st!<\/p>\n<p>&nbsp;<\/p>\n","protected":false},"excerpt":{"rendered":"<p>El\u0151fordult m\u00e1r olyan, hogy gondot okozott az adatment\u00e9s elk\u00e9sz\u00edt\u00e9se? Net\u00e1n rendszeresen informatikus seg\u00edts\u00e9g\u00e9re van sz\u00fcks\u00e9ge? elfelejtett beadni egy bevall\u00e1st id\u0151ben? ha \u00d6n t\u00f6bb c\u00e9get kezel (k\u00f6nyvel\u00e9s, b\u00e9rsz\u00e1mfejt\u00e9s), kimaradt egy-egy c\u00e9gnek valamely bevall\u00e1s\u00e1nak a bek\u00fcld\u00e9se? nem \u00edrta meg a k\u00f6nyvel\u00e9si d\u00edj sz\u00e1ml\u00e1t (vagy csak k\u00e9sve) valamely c\u00e9g\u00e9nek? \u00f6sszerakta a besz\u00e1mol\u00f3t, de elfelejtette bek\u00fcldeni? nem \u00e9rtes\u00fclt egy fontos friss\u00edt\u00e9sr\u0151l, amikor jogszab\u00e1lyv\u00e1ltoz\u00e1s volt? vesz\u00edtette el adatait egy sz\u00e1m\u00edt\u00f3g\u00e9phiba miatt \u00e9s nem volt lementve a munk\u00e1ja a programjainkb\u00f3l? sok ideje ment el a ment\u00e9sek k\u00e9sz\u00edt\u00e9s\u00e9re? nem voltak k\u00e9zn\u00e9l \u00fcgyfelei adatai, amikor sz\u00fcks\u00e9g lett volna r\u00e1? K\u00f6nyvel\u00e9si asszisztens programunk ezekre a [&hellip;]<\/p>\n","protected":false},"featured_media":700,"comment_status":"closed","ping_status":"closed","template":"","meta":[],"product_brand":[],"product_cat":[38,43],"product_tag":[],"class_list":{"0":"post-630","1":"product","2":"type-product","3":"status-publish","4":"has-post-thumbnail","6":"product_cat-programok","7":"product_cat-premium","9":"first","10":"instock","11":"taxable","12":"shipping-taxable","13":"purchasable","14":"product-type-simple"},"_links":{"self":[{"href":"https:\/\/www.drd-software.com\/index.php?rest_route=\/wp\/v2\/product\/630","targetHints":{"allow":["GET"]}}],"collection":[{"href":"https:\/\/www.drd-software.com\/index.php?rest_route=\/wp\/v2\/product"}],"about":[{"href":"https:\/\/www.drd-software.com\/index.php?rest_route=\/wp\/v2\/types\/product"}],"replies":[{"embeddable":true,"href":"https:\/\/www.drd-software.com\/index.php?rest_route=%2Fwp%2Fv2%2Fcomments&post=630"}],"wp:featuredmedia":[{"embeddable":true,"href":"https:\/\/www.drd-software.com\/index.php?rest_route=\/wp\/v2\/media\/700"}],"wp:attachment":[{"href":"https:\/\/www.drd-software.com\/index.php?rest_route=%2Fwp%2Fv2%2Fmedia&parent=630"}],"wp:term":[{"taxonomy":"product_brand","embeddable":true,"href":"https:\/\/www.drd-software.com\/index.php?rest_route=%2Fwp%2Fv2%2Fproduct_brand&post=630"},{"taxonomy":"product_cat","embeddable":true,"href":"https:\/\/www.drd-software.com\/index.php?rest_route=%2Fwp%2Fv2%2Fproduct_cat&post=630"},{"taxonomy":"product_tag","embeddable":true,"href":"https:\/\/www.drd-software.com\/index.php?rest_route=%2Fwp%2Fv2%2Fproduct_tag&post=630"}],"curies":[{"name":"wp","href":"https:\/\/api.w.org\/{rel}","templated":true}]}}