

{"id":535,"date":"2014-01-20T14:18:32","date_gmt":"2014-01-20T13:18:32","guid":{"rendered":"http:\/\/www.drd-software.hu\/?post_type=product&#038;p=535"},"modified":"2023-08-20T04:10:49","modified_gmt":"2023-08-20T03:10:49","slug":"dbw-modul-msz","status":"publish","type":"product","link":"https:\/\/www.drd-software.com\/?product=dbw-modul-msz","title":{"rendered":"DBW modul MSZ"},"content":{"rendered":"<h3>B\u00e9rek megbont\u00e1s\u00e1t teszi lehet\u0151v\u00e9 munkasz\u00e1mok szerint<\/h3>\n<p>A modul seg\u00edts\u00e9g\u00e9vel az egyes dolgoz\u00f3k havi adatait megbonthatja k\u00fcl\u00f6n munkasz\u00e1mokra. Ezt a bont\u00e1st a k\u00f6nyvel\u0151programnak k\u00e9sz\u00fcl\u0151 felad\u00e1s is figyelembe veszi \u00e9s e szerint v\u00e9gzi el a kont\u00edroz\u00e1st. Egyes kimutat\u00e1sokat is meg tud bontani munkasz\u00e1mok szerint \u00edgy tesz lehet\u0151v\u00e9 pontosabb elsz\u00e1mol\u00e1st, vagy ut\u00f3kalkul\u00e1ci\u00f3t. A dolgoz\u00f3k j\u00f6vedelem kifizet\u00e9sekor \u00e9s az \u00e1llam fel\u00e9 t\u00f6rt\u00e9n\u0151 utal\u00e1skor is k\u00e9rhet megoszt\u00e1st, \u00edgy ak\u00e1r project-ek szerint k\u00fcl\u00f6n banksz\u00e1ml\u00e1kr\u00f3l is teljes\u00edtheti az utal\u00e1sokat.<\/p>\n","protected":false},"excerpt":{"rendered":"<p>B\u00e9rek megbont\u00e1s\u00e1t teszi lehet\u0151v\u00e9 munkasz\u00e1mok szerint A modul seg\u00edts\u00e9g\u00e9vel az egyes dolgoz\u00f3k havi adatait megbonthatja k\u00fcl\u00f6n munkasz\u00e1mokra. Ezt a bont\u00e1st a k\u00f6nyvel\u0151programnak k\u00e9sz\u00fcl\u0151 felad\u00e1s is figyelembe veszi \u00e9s e szerint v\u00e9gzi el a kont\u00edroz\u00e1st. Egyes kimutat\u00e1sokat is meg tud bontani munkasz\u00e1mok szerint \u00edgy tesz lehet\u0151v\u00e9 pontosabb elsz\u00e1mol\u00e1st, vagy ut\u00f3kalkul\u00e1ci\u00f3t. A dolgoz\u00f3k j\u00f6vedelem kifizet\u00e9sekor \u00e9s az \u00e1llam fel\u00e9 t\u00f6rt\u00e9n\u0151 utal\u00e1skor is k\u00e9rhet megoszt\u00e1st, \u00edgy ak\u00e1r project-ek szerint k\u00fcl\u00f6n banksz\u00e1ml\u00e1kr\u00f3l is teljes\u00edtheti az utal\u00e1sokat.<\/p>\n","protected":false},"featured_media":512,"comment_status":"closed","ping_status":"closed","template":"","meta":[],"product_brand":[],"product_cat":[34,42],"product_tag":[],"class_list":{"0":"post-535","1":"product","2":"type-product","3":"status-publish","4":"has-post-thumbnail","6":"product_cat-berszamfejto","7":"product_cat-dbwmodul","9":"first","10":"instock","11":"taxable","12":"shipping-taxable","13":"purchasable","14":"product-type-simple"},"_links":{"self":[{"href":"https:\/\/www.drd-software.com\/index.php?rest_route=\/wp\/v2\/product\/535","targetHints":{"allow":["GET"]}}],"collection":[{"href":"https:\/\/www.drd-software.com\/index.php?rest_route=\/wp\/v2\/product"}],"about":[{"href":"https:\/\/www.drd-software.com\/index.php?rest_route=\/wp\/v2\/types\/product"}],"replies":[{"embeddable":true,"href":"https:\/\/www.drd-software.com\/index.php?rest_route=%2Fwp%2Fv2%2Fcomments&post=535"}],"wp:featuredmedia":[{"embeddable":true,"href":"https:\/\/www.drd-software.com\/index.php?rest_route=\/wp\/v2\/media\/512"}],"wp:attachment":[{"href":"https:\/\/www.drd-software.com\/index.php?rest_route=%2Fwp%2Fv2%2Fmedia&parent=535"}],"wp:term":[{"taxonomy":"product_brand","embeddable":true,"href":"https:\/\/www.drd-software.com\/index.php?rest_route=%2Fwp%2Fv2%2Fproduct_brand&post=535"},{"taxonomy":"product_cat","embeddable":true,"href":"https:\/\/www.drd-software.com\/index.php?rest_route=%2Fwp%2Fv2%2Fproduct_cat&post=535"},{"taxonomy":"product_tag","embeddable":true,"href":"https:\/\/www.drd-software.com\/index.php?rest_route=%2Fwp%2Fv2%2Fproduct_tag&post=535"}],"curies":[{"name":"wp","href":"https:\/\/api.w.org\/{rel}","templated":true}]}}