

{"id":534,"date":"2014-01-20T14:16:32","date_gmt":"2014-01-20T13:16:32","guid":{"rendered":"http:\/\/www.drd-software.hu\/?post_type=product&#038;p=534"},"modified":"2023-08-20T04:11:18","modified_gmt":"2023-08-20T03:11:18","slug":"dbw-modul-excel","status":"publish","type":"product","link":"https:\/\/www.drd-software.com\/?product=dbw-modul-excel","title":{"rendered":"DBW modul Excel"},"content":{"rendered":"<h3>Adatok \u00e1tad\u00e1s\u00e1t teszi lehet\u0151v\u00e9 Excel fel\u00e9<\/h3>\n<p>A b\u00e9rprogramb\u00f3l k\u00fcl\u00f6nf\u00e9le felad\u00e1sokat tesz lehet\u0151v\u00e9 Excel fel\u00e9. A program modul mk\u00f6d\u00e9s\u00e9hez sz\u00fcks\u00e9ges, hogy Microsoft Excel legyen telep\u00edtve a sz\u00e1m\u00edt\u00f3g\u00e9pre (pl. Open Office programmal nem mk\u00f6dik).<\/p>\n","protected":false},"excerpt":{"rendered":"<p>Adatok \u00e1tad\u00e1s\u00e1t teszi lehet\u0151v\u00e9 Excel fel\u00e9 A b\u00e9rprogramb\u00f3l k\u00fcl\u00f6nf\u00e9le felad\u00e1sokat tesz lehet\u0151v\u00e9 Excel fel\u00e9. A program modul mk\u00f6d\u00e9s\u00e9hez sz\u00fcks\u00e9ges, hogy Microsoft Excel legyen telep\u00edtve a sz\u00e1m\u00edt\u00f3g\u00e9pre (pl. Open Office programmal nem mk\u00f6dik).<\/p>\n","protected":false},"featured_media":512,"comment_status":"closed","ping_status":"closed","template":"","meta":[],"product_brand":[],"product_cat":[34,42],"product_tag":[],"class_list":{"0":"post-534","1":"product","2":"type-product","3":"status-publish","4":"has-post-thumbnail","6":"product_cat-berszamfejto","7":"product_cat-dbwmodul","9":"first","10":"instock","11":"taxable","12":"shipping-taxable","13":"purchasable","14":"product-type-simple"},"_links":{"self":[{"href":"https:\/\/www.drd-software.com\/index.php?rest_route=\/wp\/v2\/product\/534","targetHints":{"allow":["GET"]}}],"collection":[{"href":"https:\/\/www.drd-software.com\/index.php?rest_route=\/wp\/v2\/product"}],"about":[{"href":"https:\/\/www.drd-software.com\/index.php?rest_route=\/wp\/v2\/types\/product"}],"replies":[{"embeddable":true,"href":"https:\/\/www.drd-software.com\/index.php?rest_route=%2Fwp%2Fv2%2Fcomments&post=534"}],"wp:featuredmedia":[{"embeddable":true,"href":"https:\/\/www.drd-software.com\/index.php?rest_route=\/wp\/v2\/media\/512"}],"wp:attachment":[{"href":"https:\/\/www.drd-software.com\/index.php?rest_route=%2Fwp%2Fv2%2Fmedia&parent=534"}],"wp:term":[{"taxonomy":"product_brand","embeddable":true,"href":"https:\/\/www.drd-software.com\/index.php?rest_route=%2Fwp%2Fv2%2Fproduct_brand&post=534"},{"taxonomy":"product_cat","embeddable":true,"href":"https:\/\/www.drd-software.com\/index.php?rest_route=%2Fwp%2Fv2%2Fproduct_cat&post=534"},{"taxonomy":"product_tag","embeddable":true,"href":"https:\/\/www.drd-software.com\/index.php?rest_route=%2Fwp%2Fv2%2Fproduct_tag&post=534"}],"curies":[{"name":"wp","href":"https:\/\/api.w.org\/{rel}","templated":true}]}}