

{"id":531,"date":"2014-01-20T14:05:59","date_gmt":"2014-01-20T13:05:59","guid":{"rendered":"http:\/\/www.drd-software.hu\/?post_type=product&#038;p=531"},"modified":"2014-01-20T14:08:44","modified_gmt":"2014-01-20T13:08:44","slug":"dkw-modul-iktato","status":"publish","type":"product","link":"https:\/\/www.drd-software.com\/?product=dkw-modul-iktato","title":{"rendered":"DKW modul Iktat\u00f3"},"content":{"rendered":"<p><strong>Kett\u0151s k\u00f6nyvel\u0151 rendszerhez k\u00e9sz\u00fclt sz\u00e1mlakezel\u0151 modul.<\/strong><\/p>\n<p>Nagy t\u00f6meg\u0171 bej\u00f6v\u0151\/kimen\u0151 sz\u00e1ml\u00e1k kezel\u00e9s\u00e9re szolg\u00e1l, sok k\u00e9nyelmi funkci\u00f3val.<\/p>\n<p><a title=\"Iktat\u00f3 modul\" href=\"http:\/\/www.drd-software.com\/?page_id=528\">R\u00e9szletes term\u00e9kinform\u00e1ci\u00f3hoz kattintson ide<\/a><\/p>\n","protected":false},"excerpt":{"rendered":"<p>Kett\u0151s k\u00f6nyvel\u0151 rendszerhez k\u00e9sz\u00fclt sz\u00e1mlakezel\u0151 modul. Nagy t\u00f6meg\u0171 bej\u00f6v\u0151\/kimen\u0151 sz\u00e1ml\u00e1k kezel\u00e9s\u00e9re szolg\u00e1l, sok k\u00e9nyelmi funkci\u00f3val. R\u00e9szletes term\u00e9kinform\u00e1ci\u00f3hoz kattintson ide<\/p>\n","protected":false},"featured_media":512,"comment_status":"closed","ping_status":"closed","template":"","meta":[],"product_brand":[],"product_cat":[41,36],"product_tag":[],"class_list":{"0":"post-531","1":"product","2":"type-product","3":"status-publish","4":"has-post-thumbnail","6":"product_cat-dkwmodul","7":"product_cat-kettos","9":"first","10":"instock","11":"taxable","12":"shipping-taxable","13":"purchasable","14":"product-type-simple"},"_links":{"self":[{"href":"https:\/\/www.drd-software.com\/index.php?rest_route=\/wp\/v2\/product\/531","targetHints":{"allow":["GET"]}}],"collection":[{"href":"https:\/\/www.drd-software.com\/index.php?rest_route=\/wp\/v2\/product"}],"about":[{"href":"https:\/\/www.drd-software.com\/index.php?rest_route=\/wp\/v2\/types\/product"}],"replies":[{"embeddable":true,"href":"https:\/\/www.drd-software.com\/index.php?rest_route=%2Fwp%2Fv2%2Fcomments&post=531"}],"wp:featuredmedia":[{"embeddable":true,"href":"https:\/\/www.drd-software.com\/index.php?rest_route=\/wp\/v2\/media\/512"}],"wp:attachment":[{"href":"https:\/\/www.drd-software.com\/index.php?rest_route=%2Fwp%2Fv2%2Fmedia&parent=531"}],"wp:term":[{"taxonomy":"product_brand","embeddable":true,"href":"https:\/\/www.drd-software.com\/index.php?rest_route=%2Fwp%2Fv2%2Fproduct_brand&post=531"},{"taxonomy":"product_cat","embeddable":true,"href":"https:\/\/www.drd-software.com\/index.php?rest_route=%2Fwp%2Fv2%2Fproduct_cat&post=531"},{"taxonomy":"product_tag","embeddable":true,"href":"https:\/\/www.drd-software.com\/index.php?rest_route=%2Fwp%2Fv2%2Fproduct_tag&post=531"}],"curies":[{"name":"wp","href":"https:\/\/api.w.org\/{rel}","templated":true}]}}