

{"id":527,"date":"2014-01-20T13:58:33","date_gmt":"2014-01-20T12:58:33","guid":{"rendered":"http:\/\/www.drd-software.hu\/?post_type=product&#038;p=527"},"modified":"2018-09-06T09:03:12","modified_gmt":"2018-09-06T08:03:12","slug":"dkw-modul-munkaszam","status":"publish","type":"product","link":"https:\/\/www.drd-software.com\/?product=dkw-modul-munkaszam","title":{"rendered":"DKW modul Munkasz\u00e1m"},"content":{"rendered":"<h3>Munkasz\u00e1m b\u0151v\u00edtett kezel\u00e9s<\/h3>\n<p>A lek\u00f6nyvelt anyagban t\u00f6rt\u00e9n\u0151 sz\u0171r\u00e9sre ad lehet\u0151s\u00e9get. A c\u00e9g telephelyei vagy projectjei k\u00fcl\u00f6n munkasz\u00e1mokra r\u00f6gz\u00edthet\u0151k, err\u0151l munkasz\u00e1monk\u00e9nti legy\u0171jt\u00e9s k\u00e9sz\u00edthet\u0151. Bizonyos kimutat\u00e1sok (pl. f\u0151k\u00f6nyvi kivonat, eredm\u00e9nykimutat\u00e1s, m\u00e9rleg, kartonok) lek\u00e9rdez\u00e9sekor szint\u00e9n haszn\u00e1lhatja a munkasz\u00e1m szerinti sz\u0171r\u00e9st.<\/p>\n<p>Haszn\u00e1lata rendk\u00edv\u00fcl egyszer\u0171: azokat a t\u00e9teleket, amelyeket szeretne k\u00fcl\u00f6n is lek\u00e9rni, a r\u00f6gz\u00edt\u00e9skor l\u00e1ssa el egy munkasz\u00e1mmal. Amikor a kimutat\u00e1s k\u00e9sz\u00fcl, adja meg a k\u00edv\u00e1nt munkasz\u00e1mot. Ekkor csak azokat a t\u00e9teleket fogja figyelembe venni a program, melyek ezzel lettek ell\u00e1tva. Amennyiben nem ad meg a legy\u0171jt\u00e9sn\u00e9l ilyet, a teljes anyaggal dolgozik a szoftver. A munkasz\u00e1mokat \u00fagy kezelheti, mint egy sz\u00e1mlat\u00fckr\u00f6t, vagyis lehet al\u00e1bontani \u0151ket: pl. sz\u00e9kesfeh\u00e9rv\u00e1ri telephelyre vonatkoz\u00f3 t\u00e9telek az egyes munkasz\u00e1mra mennek, a k\u00f6nyvel\u00e9shez kapcsol\u00f3d\u00f3k a 11-re, a kereskedelemhez kapcsol\u00f3d\u00f3k a 12-re. Lek\u00e9rdez\u00e9skor, ha 1-et ad meg, valemennyi 1-es (11 \u00e9s 12 is) t\u00e9telt gy\u0171jti a program, de 11 lek\u00e9rdez\u00e9s\u00e9n\u00e9l csak a feh\u00e9rv\u00e1ri k\u00f6nyvel\u00e9shez kapcsol\u00f3d\u00f3akat.<\/p>\n","protected":false},"excerpt":{"rendered":"<p>Munkasz\u00e1m b\u0151v\u00edtett kezel\u00e9s A lek\u00f6nyvelt anyagban t\u00f6rt\u00e9n\u0151 sz\u0171r\u00e9sre ad lehet\u0151s\u00e9get. A c\u00e9g telephelyei vagy projectjei k\u00fcl\u00f6n munkasz\u00e1mokra r\u00f6gz\u00edthet\u0151k, err\u0151l munkasz\u00e1monk\u00e9nti legy\u0171jt\u00e9s k\u00e9sz\u00edthet\u0151. Bizonyos kimutat\u00e1sok (pl. f\u0151k\u00f6nyvi kivonat, eredm\u00e9nykimutat\u00e1s, m\u00e9rleg, kartonok) lek\u00e9rdez\u00e9sekor szint\u00e9n haszn\u00e1lhatja a munkasz\u00e1m szerinti sz\u0171r\u00e9st. Haszn\u00e1lata rendk\u00edv\u00fcl egyszer\u0171: azokat a t\u00e9teleket, amelyeket szeretne k\u00fcl\u00f6n is lek\u00e9rni, a r\u00f6gz\u00edt\u00e9skor l\u00e1ssa el egy munkasz\u00e1mmal. Amikor a kimutat\u00e1s k\u00e9sz\u00fcl, adja meg a k\u00edv\u00e1nt munkasz\u00e1mot. Ekkor csak azokat a t\u00e9teleket fogja figyelembe venni a program, melyek ezzel lettek ell\u00e1tva. Amennyiben nem ad meg a legy\u0171jt\u00e9sn\u00e9l ilyet, a teljes anyaggal dolgozik a szoftver. A munkasz\u00e1mokat \u00fagy kezelheti, mint egy [&hellip;]<\/p>\n","protected":false},"featured_media":512,"comment_status":"closed","ping_status":"closed","template":"","meta":[],"product_brand":[],"product_cat":[41,36],"product_tag":[],"class_list":{"0":"post-527","1":"product","2":"type-product","3":"status-publish","4":"has-post-thumbnail","6":"product_cat-dkwmodul","7":"product_cat-kettos","9":"first","10":"instock","11":"taxable","12":"shipping-taxable","13":"purchasable","14":"product-type-simple"},"_links":{"self":[{"href":"https:\/\/www.drd-software.com\/index.php?rest_route=\/wp\/v2\/product\/527","targetHints":{"allow":["GET"]}}],"collection":[{"href":"https:\/\/www.drd-software.com\/index.php?rest_route=\/wp\/v2\/product"}],"about":[{"href":"https:\/\/www.drd-software.com\/index.php?rest_route=\/wp\/v2\/types\/product"}],"replies":[{"embeddable":true,"href":"https:\/\/www.drd-software.com\/index.php?rest_route=%2Fwp%2Fv2%2Fcomments&post=527"}],"wp:featuredmedia":[{"embeddable":true,"href":"https:\/\/www.drd-software.com\/index.php?rest_route=\/wp\/v2\/media\/512"}],"wp:attachment":[{"href":"https:\/\/www.drd-software.com\/index.php?rest_route=%2Fwp%2Fv2%2Fmedia&parent=527"}],"wp:term":[{"taxonomy":"product_brand","embeddable":true,"href":"https:\/\/www.drd-software.com\/index.php?rest_route=%2Fwp%2Fv2%2Fproduct_brand&post=527"},{"taxonomy":"product_cat","embeddable":true,"href":"https:\/\/www.drd-software.com\/index.php?rest_route=%2Fwp%2Fv2%2Fproduct_cat&post=527"},{"taxonomy":"product_tag","embeddable":true,"href":"https:\/\/www.drd-software.com\/index.php?rest_route=%2Fwp%2Fv2%2Fproduct_tag&post=527"}],"curies":[{"name":"wp","href":"https:\/\/api.w.org\/{rel}","templated":true}]}}