

{"id":526,"date":"2014-01-20T13:57:03","date_gmt":"2014-01-20T12:57:03","guid":{"rendered":"http:\/\/www.drd-software.hu\/?post_type=product&#038;p=526"},"modified":"2018-09-06T09:03:37","modified_gmt":"2018-09-06T08:03:37","slug":"dkw-modul-excel","status":"publish","type":"product","link":"https:\/\/www.drd-software.com\/?product=dkw-modul-excel","title":{"rendered":"DKW modul Excel"},"content":{"rendered":"<h3>Excel export modul<\/h3>\n<p>A modul seg\u00edts\u00e9g\u00e9vel a k\u00f6vetkez\u0151 felad\u00e1sokat k\u00e9sz\u00edtheti el Excelbe a DkonWIN-b\u0151l:<\/p>\n<ul class=\"checklist\">\n<li>Eredm\u00e9nykimutat\u00e1s<\/li>\n<li>M\u00e9rleg<\/li>\n<li>F\u0151k\u00f6nyvi kivonat<\/li>\n<li>Kartonok t\u00f3l-ig<\/li>\n<li>K\u00f6lts\u00e9gnemenk\u00e9nti lista<\/li>\n<li>Munkasz\u00e1m n\u00e9lk\u00fcli bizonylatok list\u00e1ja<\/li>\n<li>Kartonok t\u00f3l-ig egyenk\u00e9nt<\/li>\n<li>F\u0151k\u00f6nyvi kivonat b\u0151v\u00edtett<\/li>\n<li>Sz\u00e1mla analitika<\/li>\n<li>T\u00e1rgyi eszk\u00f6z lista (egyszer\u0171)<\/li>\n<li>T\u00e1rgyi eszk\u00f6z lista (teljes)<\/li>\n<li>Vev\u0151 adatok list\u00e1ja<\/li>\n<li>Sz\u00e1ll\u00edt\u00f3 adatok list\u00e1ja<\/li>\n<\/ul>\n","protected":false},"excerpt":{"rendered":"<p>Excel export modul A modul seg\u00edts\u00e9g\u00e9vel a k\u00f6vetkez\u0151 felad\u00e1sokat k\u00e9sz\u00edtheti el Excelbe a DkonWIN-b\u0151l: Eredm\u00e9nykimutat\u00e1s M\u00e9rleg F\u0151k\u00f6nyvi kivonat Kartonok t\u00f3l-ig K\u00f6lts\u00e9gnemenk\u00e9nti lista Munkasz\u00e1m n\u00e9lk\u00fcli bizonylatok list\u00e1ja Kartonok t\u00f3l-ig egyenk\u00e9nt F\u0151k\u00f6nyvi kivonat b\u0151v\u00edtett Sz\u00e1mla analitika T\u00e1rgyi eszk\u00f6z lista (egyszer\u0171) T\u00e1rgyi eszk\u00f6z lista (teljes) Vev\u0151 adatok list\u00e1ja Sz\u00e1ll\u00edt\u00f3 adatok list\u00e1ja<\/p>\n","protected":false},"featured_media":512,"comment_status":"closed","ping_status":"closed","template":"","meta":[],"product_brand":[],"product_cat":[41,36],"product_tag":[],"class_list":{"0":"post-526","1":"product","2":"type-product","3":"status-publish","4":"has-post-thumbnail","6":"product_cat-dkwmodul","7":"product_cat-kettos","9":"first","10":"instock","11":"taxable","12":"shipping-taxable","13":"purchasable","14":"product-type-simple"},"_links":{"self":[{"href":"https:\/\/www.drd-software.com\/index.php?rest_route=\/wp\/v2\/product\/526","targetHints":{"allow":["GET"]}}],"collection":[{"href":"https:\/\/www.drd-software.com\/index.php?rest_route=\/wp\/v2\/product"}],"about":[{"href":"https:\/\/www.drd-software.com\/index.php?rest_route=\/wp\/v2\/types\/product"}],"replies":[{"embeddable":true,"href":"https:\/\/www.drd-software.com\/index.php?rest_route=%2Fwp%2Fv2%2Fcomments&post=526"}],"wp:featuredmedia":[{"embeddable":true,"href":"https:\/\/www.drd-software.com\/index.php?rest_route=\/wp\/v2\/media\/512"}],"wp:attachment":[{"href":"https:\/\/www.drd-software.com\/index.php?rest_route=%2Fwp%2Fv2%2Fmedia&parent=526"}],"wp:term":[{"taxonomy":"product_brand","embeddable":true,"href":"https:\/\/www.drd-software.com\/index.php?rest_route=%2Fwp%2Fv2%2Fproduct_brand&post=526"},{"taxonomy":"product_cat","embeddable":true,"href":"https:\/\/www.drd-software.com\/index.php?rest_route=%2Fwp%2Fv2%2Fproduct_cat&post=526"},{"taxonomy":"product_tag","embeddable":true,"href":"https:\/\/www.drd-software.com\/index.php?rest_route=%2Fwp%2Fv2%2Fproduct_tag&post=526"}],"curies":[{"name":"wp","href":"https:\/\/api.w.org\/{rel}","templated":true}]}}