

{"id":522,"date":"2014-01-20T13:44:48","date_gmt":"2014-01-20T12:44:48","guid":{"rendered":"http:\/\/www.drd-software.hu\/?post_type=product&#038;p=522"},"modified":"2023-08-20T04:14:48","modified_gmt":"2023-08-20T03:14:48","slug":"dkw-modul-autokonyv","status":"publish","type":"product","link":"https:\/\/www.drd-software.com\/?product=dkw-modul-autokonyv","title":{"rendered":"DKW modul Autok\u00f6nyv"},"content":{"rendered":"<h3>DkonWIN automata k\u00f6nyvel\u00e9s fogad\u00f3 modul<\/h3>\n<p>Ezzel a kieg\u00e9sz\u00edt\u0151vel mentes\u00edtheti mag\u00e1t a k\u00e9zi k\u00f6nyvel\u00e9s jelent\u0151s r\u00e9sz\u00e9t\u0151l. A meghat\u00e1rozott form\u00e1ban feladott adatokat a program beolvassa, majd ellen\u0151rz\u00e9s ut\u00e1n &#8211; ahol lehet\u0151s\u00e9get biztos\u00edt \u00d6nnek arra, hogy sz\u00fcks\u00e9g eset\u00e9n k\u00e9zzel jav\u00edtson &#8211; r\u00f6gz\u00edti a f\u0151k\u00f6nyvbe. A be\u00e9p\u00edtett hibakeres\u0151 sz\u0171ri a leggyakrabban el\u0151fordul\u00f3 hib\u00e1kat (pl. f\u00e9ll\u00e1bas felad\u00e1s, kiegyenl\u00edt\u00e9sn\u00e9l nem adj\u00e1k meg a kapcsol\u00f3d\u00f3 bizonylat sz\u00e1m\u00e1t stb.). Ez az adatfogad\u00e1s idegen programb\u00f3l is lehets\u00e9ges, ha az k\u00e9pes az \u00e1ltalunk megadott form\u00e1tum\u00fa exportot elk\u00e9sz\u00edteni.<\/p>\n<p>Amennyiben a c\u00e9g\u00fcnk \u00e1ltal forgalmazott Dsz\u00e1mlaWIN programmal k\u00e9sz\u00edti sz\u00e1ml\u00e1it, abb\u00f3l nem csak a kibocs\u00e1tott bizonylatokat adhatja fel teljesen kikont\u00edrozva, hanem teljes bank, p\u00e9nzt\u00e1r \u00e9s f\u00e9ll\u00e1basra el\u0151k\u00e9sz\u00edtett be\u00e9rkez\u0151 sz\u00e1mla k\u00f6nyvel\u00e9st is folytathat. Ezzel a sz\u00e1mlak\u00e9sz\u00edt\u0151 programba r\u00f6gz\u00edtett adatokat nem sz\u00fcks\u00e9ges \u00fajra r\u00f6gz\u00edteni, mik\u00f6zben a f\u0151k\u00f6nyvi k\u00f6nyvel\u00e9sbe sem kell a sz\u00e1ml\u00e1z\u00e1st vagy k\u00e9szletkezel\u00e9st v\u00e9gz\u0151 munkat\u00e1rsakat beengedni. Amennyiben akarja, teljes k\u00f6r\u0171 k\u00e9szletk\u00f6nyvel\u00e9st is vezethet a k\u00e9szlet rendszerb\u0151l (a hagyom\u00e1nyos mozg\u00e1sok mellett pl. gy\u00e1rt\u00e1st, 6\/7 f\u0151k\u00f6nyvi bont\u00e1sban is).<\/p>\n","protected":false},"excerpt":{"rendered":"<p>DkonWIN automata k\u00f6nyvel\u00e9s fogad\u00f3 modul Ezzel a kieg\u00e9sz\u00edt\u0151vel mentes\u00edtheti mag\u00e1t a k\u00e9zi k\u00f6nyvel\u00e9s jelent\u0151s r\u00e9sz\u00e9t\u0151l. A meghat\u00e1rozott form\u00e1ban feladott adatokat a program beolvassa, majd ellen\u0151rz\u00e9s ut\u00e1n &#8211; ahol lehet\u0151s\u00e9get biztos\u00edt \u00d6nnek arra, hogy sz\u00fcks\u00e9g eset\u00e9n k\u00e9zzel jav\u00edtson &#8211; r\u00f6gz\u00edti a f\u0151k\u00f6nyvbe. A be\u00e9p\u00edtett hibakeres\u0151 sz\u0171ri a leggyakrabban el\u0151fordul\u00f3 hib\u00e1kat (pl. f\u00e9ll\u00e1bas felad\u00e1s, kiegyenl\u00edt\u00e9sn\u00e9l nem adj\u00e1k meg a kapcsol\u00f3d\u00f3 bizonylat sz\u00e1m\u00e1t stb.). Ez az adatfogad\u00e1s idegen programb\u00f3l is lehets\u00e9ges, ha az k\u00e9pes az \u00e1ltalunk megadott form\u00e1tum\u00fa exportot elk\u00e9sz\u00edteni. Amennyiben a c\u00e9g\u00fcnk \u00e1ltal forgalmazott Dsz\u00e1mlaWIN programmal k\u00e9sz\u00edti sz\u00e1ml\u00e1it, abb\u00f3l nem csak a kibocs\u00e1tott bizonylatokat adhatja fel teljesen kikont\u00edrozva, [&hellip;]<\/p>\n","protected":false},"featured_media":512,"comment_status":"closed","ping_status":"closed","template":"","meta":[],"product_brand":[],"product_cat":[41,36],"product_tag":[],"class_list":{"0":"post-522","1":"product","2":"type-product","3":"status-publish","4":"has-post-thumbnail","6":"product_cat-dkwmodul","7":"product_cat-kettos","9":"first","10":"instock","11":"taxable","12":"shipping-taxable","13":"purchasable","14":"product-type-simple"},"_links":{"self":[{"href":"https:\/\/www.drd-software.com\/index.php?rest_route=\/wp\/v2\/product\/522","targetHints":{"allow":["GET"]}}],"collection":[{"href":"https:\/\/www.drd-software.com\/index.php?rest_route=\/wp\/v2\/product"}],"about":[{"href":"https:\/\/www.drd-software.com\/index.php?rest_route=\/wp\/v2\/types\/product"}],"replies":[{"embeddable":true,"href":"https:\/\/www.drd-software.com\/index.php?rest_route=%2Fwp%2Fv2%2Fcomments&post=522"}],"wp:featuredmedia":[{"embeddable":true,"href":"https:\/\/www.drd-software.com\/index.php?rest_route=\/wp\/v2\/media\/512"}],"wp:attachment":[{"href":"https:\/\/www.drd-software.com\/index.php?rest_route=%2Fwp%2Fv2%2Fmedia&parent=522"}],"wp:term":[{"taxonomy":"product_brand","embeddable":true,"href":"https:\/\/www.drd-software.com\/index.php?rest_route=%2Fwp%2Fv2%2Fproduct_brand&post=522"},{"taxonomy":"product_cat","embeddable":true,"href":"https:\/\/www.drd-software.com\/index.php?rest_route=%2Fwp%2Fv2%2Fproduct_cat&post=522"},{"taxonomy":"product_tag","embeddable":true,"href":"https:\/\/www.drd-software.com\/index.php?rest_route=%2Fwp%2Fv2%2Fproduct_tag&post=522"}],"curies":[{"name":"wp","href":"https:\/\/api.w.org\/{rel}","templated":true}]}}