

{"id":528,"date":"2014-01-20T14:02:05","date_gmt":"2014-01-20T13:02:05","guid":{"rendered":"http:\/\/www.drd-software.hu\/?page_id=528"},"modified":"2014-01-20T14:02:05","modified_gmt":"2014-01-20T13:02:05","slug":"dkw-szamla-iktato-modul","status":"publish","type":"page","link":"https:\/\/www.drd-software.com\/?page_id=528","title":{"rendered":"DKW sz\u00e1mla iktat\u00f3 modul"},"content":{"rendered":"<p><b><i>DkonWIN sz\u00e1mla kezel\u0151 \u00e9s iktat\u00f3 modul<\/i><\/b><\/p>\n<ul class=\"checklist\">\n<li>nagy mennyis\u00e9g\u0171 sz\u00e1mla kezel\u00e9se egyszer\u0171en \u00e9s gyorsan;\n<ul class=\"checklist\">\n<li>olyan analitika, ami eddig perceket vagy ak\u00e1r 15-30 percet is ig\u00e9nybe vett, m\u00e1sodpercek alatt k\u00e9sz\u00fcl el;<\/li>\n<li>ak\u00e1r 50-60 ezer bizonylat kezel\u00e9se egy g\u00e9pen vagy h\u00e1l\u00f3zatban;<\/li>\n<\/ul>\n<\/li>\n<li>FA \u00e9s EU \u00c1FA \u00f6nm\u0171k\u00f6d\u0151, azonnali k\u00f6nyvel\u00e9se;\n<ul class=\"checklist\">\n<li>amikor FA vagy EU t\u00e9telt k\u00f6nyvelnek, a rendszer azonnal kis ablakot tesz ki a k\u00e9perny\u0151re. Itt ellen\u0151rizhet\u0151, hogy hova fogja k\u00f6nyvelni az \u00c1F\u00c1-kat, amennyiben nem \u00e1ll\u00edthat\u00f3 be mindk\u00e9t oldalra, egyetlen pipa kiv\u00e9tel\u00e9vel egyir\u00e1ny\u00fas\u00edthat\u00f3 a k\u00f6nyvel\u00e9s (csak fizetend\u0151);<\/li>\n<\/ul>\n<\/li>\n<li>automatikus k\u00f6nyvel\u00e9s k\u00fcls\u0151 programb\u00f3l vagy Db\u00e9rWIN, Dsz\u00e1mlaWIN fel\u0151l;\n<ul class=\"checklist\">\n<li>gr\u00e1tisz biztos\u00edtjuk az automata k\u00f6nyvel\u0151 modult. Idegen programokb\u00f3l TXT vagy Excel form\u00e1tumban tudunk adatot fogadni (deviza \u00e9s forint bizonylatokat egyar\u00e1nt);<\/li>\n<\/ul>\n<\/li>\n<li>deviza \u00e9s forint sz\u00e1ml\u00e1k kezel\u00e9se;<\/li>\n<li>automatikus konverzi\u00f3 Ft-ra deviz\u00e1b\u00f3l;\n<ul class=\"checklist\">\n<li>a napi vagy a megadott \u00e1rfolyammal \u00f6nm\u0171k\u00f6d\u0151en forintos\u00edt;<\/li>\n<\/ul>\n<\/li>\n<li>nyilv\u00e1ntart\u00e1s \u00e9s lek\u00e9rdez\u00e9s Ft-ban \u00e9s deviz\u00e1ban;\n<ul class=\"checklist\">\n<li>a list\u00e1k egyr\u00e9szt a saj\u00e1t devizanemben, m\u00e1sr\u00e9szt forintban is lek\u00e9rhet\u0151k;<\/li>\n<\/ul>\n<\/li>\n<li>automatikus deviza \u00e1rfolyam k\u00fcl\u00f6nb\u00f6zet meg\u00e1llap\u00edt\u00e1sa \u00e9s k\u00f6nyvel\u00e9se;\n<ul class=\"checklist\">\n<li>amikor kipontoz\u00e1sra ker\u00fcl egy bizonylat, a r\u00f6gz\u00edtett deviza \u00e9s forint \u00f6sszegek figyelembev\u00e9tel\u00e9vel a program kisz\u00e1m\u00edtja a keletkezett \u00e1rfolyam nyeres\u00e9get vagy vesztes\u00e9get. Ezt a helyi saj\u00e1toss\u00e1goknak (t\u00fck\u00f6r) megfelel\u0151en el\u0151re be\u00e1ll\u00edtott sz\u00e1mlasz\u00e1mokra egy kis ellen\u0151rz\u0151 t\u00e1bl\u00e1ban felaj\u00e1nlja k\u00f6nyvel\u00e9sre \u00e9s ez egy gombnyom\u00e1ssal elvezethet\u0151;<\/li>\n<\/ul>\n<\/li>\n<li>\u00e9v v\u00e9gi \u00e1t\u00e9rt\u00e9kel\u00e9s automatikusan, k\u00f6nyvel\u00e9ssel;\n<ul class=\"checklist\">\n<li>\u00e9v v\u00e9gi \u00e1t\u00e9rt\u00e9kel\u00e9sek k\u00f6nyvel\u00e9se, mint el\u0151z\u0151 pontban;<\/li>\n<\/ul>\n<\/li>\n<li>el\u0151kont\u00edroz\u00e1s lehet\u0151s\u00e9ge\n<ul class=\"checklist\">\n<li>elk\u00fcl\u00f6n\u00edtett el\u0151kont\u00edroz\u00f3 t\u00f6rzs haszn\u00e1lata: ha van olyan munkat\u00e1rs, aki nem olyan rutinos m\u00e9g, hogy ellen\u0151rz\u00e9s n\u00e9lk\u00fcl a f\u0151k\u00f6nyvbe k\u00f6nyveljen, de szeretn\u00e9nk a napi munk\u00e1k egy r\u00e9sz\u00e9t \u00e1tadni neki, egy olyan el\u0151kont\u00edroz\u00f3t lehet haszn\u00e1lni, amelyben k\u00e9szre kont\u00edrozhat\u00f3 miden, a sz\u00e1mla kezel\u0151be felvitt bizonylat, de az egy gyakorlottabb k\u00f6nyvel\u0151 j\u00f3v\u00e1hagy\u00e1s\u00e1val ker\u00fcl az anyagba;<\/li>\n<li>A kont\u00edroz\u00e1s sor\u00e1n lehet\u0151s\u00e9g van automata k\u00f6nyvel\u00e9si t\u00e9telek seg\u00edts\u00e9gk\u00e9nt t\u00f6rt\u00e9n\u0151 h\u00edv\u00e1s\u00e1ra;<\/li>\n<li>A rendszer a \u201egyan\u00fas&#8221; t\u00e9teleket megjel\u00f6li pirossal \u00edgy az alapvet\u0151 (hib\u00e1s sz\u00e1ml\u00e1ra, rossz \u00f6sszeggel stb.) r\u00f6gz\u00edtett adatok azonnal l\u00e1tszanak, ezzel megk\u00f6nny\u00edtve az ellen\u0151rz\u00e9st \u00e9s jav\u00edt\u00e1st, m\u00e9g miel\u0151tt az a f\u0151k\u00f6nyvben k\u00f6t ki;<\/li>\n<\/ul>\n<\/li>\n<li>egyszer\u0171 kompenz\u00e1l\u00e1s azonnali k\u00f6nyvel\u00e9ssel;\n<ul class=\"checklist\">\n<li>eredeti \u00e9s storn\u00f3 bizonylatok \u00f6sszevezet\u00e9se egy gombnyom\u00e1ssal, a sz\u00fcks\u00e9ges vegyes k\u00f6nyvel\u00e9ssel<\/li>\n<li>sz\u00e1ll\u00edt\u00f3i \u00e9s vev\u0151i sz\u00e1ml\u00e1k kompenz\u00e1l\u00e1sa;<\/li>\n<\/ul>\n<\/li>\n<li>kerek\u00edt\u00e9sek automatikus elvezet\u00e9se (beadhat\u00f3 \u00e9rt\u00e9ktartom\u00e1nnyal);\n<ul class=\"checklist\">\n<li>megadhat\u00f3 az a legkisebb brutt\u00f3 \u00f6sszeg, amin\u00e9l nagyobb sz\u00e1ml\u00e1kra vonatkozik az elvezet\u00e9s k\u00e9r\u00e9se (pl. csak 10.000 Ft-n\u00e1l nagyobb sz\u00e1ml\u00e1kat n\u00e9zzen);<\/li>\n<li>szint\u00e9n be\u00e1ll\u00edthat\u00f3 a k\u00fcsz\u00f6b, amekkora lehet maximum a k\u00fcl\u00f6nb\u00f6zet (pl. max. 5 Ft);<\/li>\n<\/ul>\n<\/li>\n<li>sokf\u00e9le lek\u00e9rdez\u00e9s lehet\u0151s\u00e9ge\n<ul class=\"checklist\">\n<li>fekv\u0151 \u00e9s \u00e1ll\u00f3 list\u00e1k, kinek hogyan \u00e1ttekinthet\u0151bb (kisebb \u00e9s nagyobb bet\u0171k, t\u00f6bb &#8211; kevesebb t\u00e9telsorral fekv\u0151 \u00e9s \u00e1ll\u00f3 lapra)<\/li>\n<li>koros\u00edtott lista (hat\u00e1rid\u0151n bel\u00fcli, lej\u00e1rt &#8211; ebb\u0151l 30, 60, 90, 180 napos) pl. hitelig\u00e9nyl\u00e9sekhez<\/li>\n<li>nyitott sz\u00e1ml\u00e1k, lej\u00e1rt sz\u00e1ml\u00e1k, partnerenk\u00e9nti \u00f6sszes\u00edt\u00e9s lehet\u0151s\u00e9g\u00e9vel;<\/li>\n<li>r\u00e9szletes kiegyenl\u00edt\u00e9s lista<\/li>\n<li>egyenlegk\u00f6zl\u0151 lev\u00e9l<\/li>\n<li>fizet\u00e9si felsz\u00f3l\u00edt\u00e1s<\/li>\n<li>t\u00falfizet\u00e9sek<\/li>\n<li>elemz\u0151 t\u00e1bla f\u0151k\u00f6nyv \u00e9s analitika egyez\u0151s\u00e9ghez: jelzi az esetleges r\u00f6gz\u00edt\u00e9si hib\u00e1b\u00f3l ad\u00f3d\u00f3 t\u00falfizet\u00e9seket, \u00f6sszepontoz\u00e1sokat<\/li>\n<li>bizonylatok list\u00e1z\u00e1sa partnerre \u00e9s f\u0151k\u00f6nyvi sz\u00e1ml\u00e1ra: sz\u00e1ml\u00e1nk\u00e9nt l\u00e1that\u00f3 a forgalom, \u00edgy k\u00f6nnyebb az ellen\u0151rz\u00e9s<\/li>\n<li>forintban, deviz\u00e1ban<\/li>\n<li>ford\u00edtott ad\u00f3z\u00e1s\u00fa \u00e9s EU-n bel\u00fcli be\u00e9rkez\u0151\/kibocs\u00e1tott sz\u00e1ml\u00e1k kezel\u00e9se<\/li>\n<\/ul>\n<\/li>\n<\/ul>\n<p>Tov\u00e1bbi el\u0151ny\u00f6k:<\/p>\n<ul class=\"checklist\">\n<li>csak egyszer kell megrendelni, a k\u00e9s\u0151bbiekben a modul valamennyi fejleszt\u00e9s\u00e9hez ingyenesen hozz\u00e1jut, \u00e9s nem befoly\u00e1solja a c\u00e9gek sz\u00e1ma sem az \u00e1rat: \u00f6r\u00f6k \u00e9let\u0171 friss\u00edt\u00e9s<\/li>\n<li>id\u0151t takar\u00edt meg minden h\u00f3napban mind a r\u00f6gz\u00edt\u00e9s egyszer\u0171s\u00f6d\u00e9s\u00e9vel ,mind a bevall\u00e1sok kit\u00f6lt\u00e9se sor\u00e1n ezzel hat\u00e9konyabban, t\u00f6bb munk\u00e1t tud elv\u00e9gezni. Ez \u00e1tt\u00e9telesen bev\u00e9tel n\u00f6veked\u00e9st eredm\u00e9nyez, hiszen ugyanannyi emberrel t\u00f6bb anyagot lehet feldolgozni<\/li>\n<li>k\u00f6nnyen ellen\u0151rizhet\u0151 a k\u00f6nyvel\u00e9s egyeztet\u00e9sekn\u00e9l, k\u00f6nyvvizsg\u00e1latn\u00e1l<\/li>\n<li>cs\u00f6kkenti az emberi hiba lehet\u0151s\u00e9g\u00e9t<\/li>\n<\/ul>\n","protected":false},"excerpt":{"rendered":"<p>DkonWIN sz\u00e1mla kezel\u0151 \u00e9s iktat\u00f3 modul nagy mennyis\u00e9g\u0171 sz\u00e1mla kezel\u00e9se egyszer\u0171en \u00e9s gyorsan; olyan analitika, ami eddig perceket vagy ak\u00e1r 15-30 percet is ig\u00e9nybe vett, m\u00e1sodpercek alatt k\u00e9sz\u00fcl el; ak\u00e1r 50-60 ezer bizonylat kezel\u00e9se egy g\u00e9pen vagy h\u00e1l\u00f3zatban; FA \u00e9s EU \u00c1FA \u00f6nm\u0171k\u00f6d\u0151, azonnali k\u00f6nyvel\u00e9se; amikor FA vagy EU t\u00e9telt k\u00f6nyvelnek, a rendszer azonnal kis ablakot tesz ki a k\u00e9perny\u0151re. Itt ellen\u0151rizhet\u0151, hogy hova fogja k\u00f6nyvelni az \u00c1F\u00c1-kat, amennyiben nem \u00e1ll\u00edthat\u00f3 be mindk\u00e9t oldalra, egyetlen pipa kiv\u00e9tel\u00e9vel egyir\u00e1ny\u00fas\u00edthat\u00f3 a k\u00f6nyvel\u00e9s (csak fizetend\u0151); automatikus k\u00f6nyvel\u00e9s k\u00fcls\u0151 programb\u00f3l vagy Db\u00e9rWIN, Dsz\u00e1mlaWIN fel\u0151l; gr\u00e1tisz biztos\u00edtjuk az automata k\u00f6nyvel\u0151 modult. [&hellip;]<\/p>\n","protected":false},"author":3,"featured_media":0,"parent":0,"menu_order":0,"comment_status":"closed","ping_status":"open","template":"","meta":{"footnotes":""},"class_list":["post-528","page","type-page","status-publish","hentry"],"_links":{"self":[{"href":"https:\/\/www.drd-software.com\/index.php?rest_route=\/wp\/v2\/pages\/528","targetHints":{"allow":["GET"]}}],"collection":[{"href":"https:\/\/www.drd-software.com\/index.php?rest_route=\/wp\/v2\/pages"}],"about":[{"href":"https:\/\/www.drd-software.com\/index.php?rest_route=\/wp\/v2\/types\/page"}],"author":[{"embeddable":true,"href":"https:\/\/www.drd-software.com\/index.php?rest_route=\/wp\/v2\/users\/3"}],"replies":[{"embeddable":true,"href":"https:\/\/www.drd-software.com\/index.php?rest_route=%2Fwp%2Fv2%2Fcomments&post=528"}],"version-history":[{"count":0,"href":"https:\/\/www.drd-software.com\/index.php?rest_route=\/wp\/v2\/pages\/528\/revisions"}],"wp:attachment":[{"href":"https:\/\/www.drd-software.com\/index.php?rest_route=%2Fwp%2Fv2%2Fmedia&parent=528"}],"curies":[{"name":"wp","href":"https:\/\/api.w.org\/{rel}","templated":true}]}}