

{"id":518,"date":"2014-01-20T04:43:43","date_gmt":"2014-01-20T03:43:43","guid":{"rendered":"http:\/\/www.drd-software.hu\/?page_id=518"},"modified":"2014-03-14T03:46:46","modified_gmt":"2014-03-14T02:46:46","slug":"vasarlas-menete","status":"publish","type":"page","link":"https:\/\/www.drd-software.com\/?page_id=518","title":{"rendered":"V\u00e1s\u00e1rl\u00e1s menete"},"content":{"rendered":"<p>A bal oldali men\u00fcsorb\u00f3l k\u00f6zvetlen rendel\u00e9sre van lehet\u0151s\u00e9ge, vagy a megfelel\u0151 program le\u00edr\u00e1s\u00e1b\u00f3l is megnyithatja a megfelel\u0151 term\u00e9kcsoport lapj\u00e1t:<\/p>\n<p><img loading=\"lazy\" decoding=\"async\" class=\"aligncenter\" alt=\"\" src=\"http:\/\/www.drd-software.com\/images\/vasarlas01.jpg\" width=\"614\" height=\"438\" \/><\/p>\n<p>V\u00e1lassza ki, melyik t\u00edpus\u00fa licenc-re van sz\u00fcks\u00e9ge (\u00e9ves vagy Pr\u00e9mium) \u00e9s kattintson a programhoz rendelt k\u00e9pre:<\/p>\n<p><img loading=\"lazy\" decoding=\"async\" class=\"aligncenter\" alt=\"\" src=\"http:\/\/www.drd-software.com\/images\/vasarlas02.jpg\" width=\"614\" height=\"438\" \/><\/p>\n<p>A megjelen\u0151 oldalon l\u00e1thatja a term\u00e9k \u00f6sszefoglal\u00f3t:<\/p>\n<p><img loading=\"lazy\" decoding=\"async\" class=\"aligncenter\" alt=\"\" src=\"http:\/\/www.drd-software.com\/images\/vasarlas04.jpg\" width=\"614\" height=\"438\" \/><\/p>\n<p>Nyomja meg a <b><i>Kos\u00e1rba<\/i><\/b> (vagy <b><i>Add to Cart<\/i><\/b>) gombot. Ezzel a bev\u00e1s\u00e1rl\u00f3 list\u00e1j\u00e1hoz adta a programot vagy modult (a bal oldalon l\u00e1thatja). Ezut\u00e1n k\u00e9t dolgot tehet: amennyiben szeretn\u00e9 m\u00e9g folytatni a v\u00e1s\u00e1rl\u00e1st, t\u00e9rjen vissza a megfelel\u0151 men\u00fcpontra \u00e9s az el\u0151bbiek szerint j\u00e1rjon el, m\u00edg mindent a kos\u00e1rba nem tett. A m\u00e1sik lehet\u0151s\u00e9g, ha \u00f6ssze\u00e1ll\u00edtotta, amire sz\u00fcks\u00e9ge van, hogy a p\u00e9nzt\u00e1rhoz l\u00e9p. Ehhez kattintson a <em><strong>Kos\u00e1t megtekint\u00e9s\u00e9re<\/strong><\/em> a bal oldalon. A kos\u00e1r tartalm\u00e1t egy\u00e9bk\u00e9nt folyamatosan nyomon k\u00f6vetheti a k\u00e9perny\u0151 bal oldali s\u00e1vj\u00e1ban.<\/p>\n<p><img loading=\"lazy\" decoding=\"async\" class=\"aligncenter\" alt=\"\" src=\"http:\/\/www.drd-software.com\/images\/vasarlas05.jpg\" width=\"614\" height=\"438\" \/><\/p>\n<p>A rendelt term\u00e9kek darabsz\u00e1m\u00e1t m\u00f3dos\u00edthatja, vagy a term\u00e9ket elt\u00e1vol\u00edthatja a kos\u00e1rb\u00f3l a neve mellett balra l\u00e9v\u0151 kis <span style=\"color: #ff0000;\"><strong>X<\/strong><\/span> jelz\u00e9sre kattintva. Szint\u00e9n be\u00e1ll\u00edthatja a sz\u00e1ll\u00edt\u00e1s m\u00f3dj\u00e1t, l\u00e1thatja a teljes v\u00e9g\u00f6sszeget. Amennyiben olyan sz\u00e1ll\u00edt\u00e1si m\u00f3dot adott meg, amely fizet\u0151s szolg\u00e1ltat\u00e1s, annak kalkul\u00e1tor\u00e1t a lap als\u00f3 r\u00e9sz\u00e9n l\u00e1tja. A P\u00e9nzt\u00e1rhoz a <b><i>Proceed to Checkout<\/i><\/b> gombra kattintva jut.<\/p>\n<p><img loading=\"lazy\" decoding=\"async\" class=\"aligncenter\" alt=\"\" src=\"http:\/\/www.drd-software.com\/images\/vasarlas06.jpg\" width=\"614\" height=\"438\" \/><\/p>\n<p>Itt t\u00f6ltse ki \u00e9rtelemszer\u0171en az adatokat. Amennyiben kor\u00e1bban m\u00e1r v\u00e1s\u00e1rolt n\u00e1lunk, lehet\u0151s\u00e9ge van arra is, hogy bejelentkezzen fi\u00f3kj\u00e1val, ekkor nem kell \u00fajra megadnia adatait. A <b><i>Ship to billing address<\/i><\/b> bejel\u00f6l\u00e9sekor a sz\u00e1ll\u00edt\u00e1si \u00e9s sz\u00e1ml\u00e1z\u00e1si c\u00edm megegyezik, ellenkez\u0151 esetben k\u00fcl\u00f6n sz\u00e1ll\u00edt\u00e1si (posta) c\u00edmet adhat meg. A <b><i>Megjegyz\u00e9s<\/i><\/b> mez\u0151ben tud a sz\u00e1ll\u00edt\u00e1sra vonatkoz\u00f3 kieg\u00e9sz\u00edt\u0151 inform\u00e1ci\u00f3kat be\u00edrni, ha sz\u00fcks\u00e9ges. C\u00e9lszer\u0171 bejel\u00f6lni a <b><i>Fi\u00f3k l\u00e9trehoz\u00e1s\u00e1t<\/i><\/b>, mivel \u00edgy k\u00e9s\u0151bb nem kell \u00fajra megadnia minden adatot, ha \u00fajra szeretne rendel\u00e9st leadni, elegend\u0151 a fi\u00f3kkal bejelentkeznie. Ha bejel\u00f6lte, egy jelsz\u00f3t is k\u00e9r a rendszer, mely fi\u00f3kj\u00e1t v\u00e9di a j\u00f6v\u0151ben. Ezzel tud a k\u00e9s\u0151bbiekben bel\u00e9pni.<\/p>\n<p><img loading=\"lazy\" decoding=\"async\" class=\"aligncenter\" alt=\"\" src=\"http:\/\/www.drd-software.com\/images\/vasarlas07.jpg\" width=\"614\" height=\"499\" \/><\/p>\n<p>A jelsz\u00f3 be\u00edr\u00e1sa ut\u00e1n a lap alj\u00e1n ind\u00edthatja a megrendel\u00e9st:<\/p>\n<p><img loading=\"lazy\" decoding=\"async\" class=\"aligncenter\" alt=\"\" src=\"http:\/\/www.drd-software.com\/images\/vasarlas08.jpg\" width=\"614\" height=\"499\" \/><\/p>\n<p>V\u00e9g\u00fcl a rendszer egy visszaigazol\u00e1st jelen\u00edt meg. Ekkor m\u00e1r elk\u00fcldte \u00d6nnek \u00e9s nek\u00fcnk is a megrendel\u00e9s adatait. Koll\u00e9g\u00e1ink munkaid\u0151ben v\u00e1rhat\u00f3an egy f\u00e9l \u00f3r\u00e1n bel\u00fcl, munkaid\u0151n k\u00edv\u00fcl \u00e1ltal\u00e1ban a k\u00f6vetkez\u0151 munkanapon 10 \u00f3r\u00e1ig felveszik \u00d6nnel a kapcsolatot a megadott telefonsz\u00e1mon.<\/p>\n<p><img loading=\"lazy\" decoding=\"async\" class=\"aligncenter\" alt=\"\" src=\"http:\/\/www.drd-software.com\/images\/vasarlas09.jpg\" width=\"614\" height=\"525\" \/><\/p>\n<p>Amennyiben seg\u00edts\u00e9gre van sz\u00fcks\u00e9ge, h\u00edvjon benn\u00fcnket a <span style=\"color: #ff0000;\"><strong><a title=\"Kapcsolat\" href=\"http:\/\/www.drd-software.com\/?page_id=127\"><span style=\"color: #ff0000;\">Kapcsolat <\/span><\/a><\/strong><\/span>oldalon tal\u00e1lhat\u00f3 el\u00e9r\u00e9seink valamelyik\u00e9n, vagy a jobb fels\u0151 sarokban l\u00e1that\u00f3 telefonsz\u00e1mon!<\/p>\n","protected":false},"excerpt":{"rendered":"<p>A bal oldali men\u00fcsorb\u00f3l k\u00f6zvetlen rendel\u00e9sre van lehet\u0151s\u00e9ge, vagy a megfelel\u0151 program le\u00edr\u00e1s\u00e1b\u00f3l is megnyithatja a megfelel\u0151 term\u00e9kcsoport lapj\u00e1t: V\u00e1lassza ki, melyik t\u00edpus\u00fa licenc-re van sz\u00fcks\u00e9ge (\u00e9ves vagy Pr\u00e9mium) \u00e9s kattintson a programhoz rendelt k\u00e9pre: A megjelen\u0151 oldalon l\u00e1thatja a term\u00e9k \u00f6sszefoglal\u00f3t: Nyomja meg a Kos\u00e1rba (vagy Add to Cart) gombot. Ezzel a bev\u00e1s\u00e1rl\u00f3 list\u00e1j\u00e1hoz adta a programot vagy modult (a bal oldalon l\u00e1thatja). Ezut\u00e1n k\u00e9t dolgot tehet: amennyiben szeretn\u00e9 m\u00e9g folytatni a v\u00e1s\u00e1rl\u00e1st, t\u00e9rjen vissza a megfelel\u0151 men\u00fcpontra \u00e9s az el\u0151bbiek szerint j\u00e1rjon el, m\u00edg mindent a kos\u00e1rba nem tett. A m\u00e1sik lehet\u0151s\u00e9g, ha \u00f6ssze\u00e1ll\u00edtotta, [&hellip;]<\/p>\n","protected":false},"author":3,"featured_media":0,"parent":0,"menu_order":0,"comment_status":"closed","ping_status":"open","template":"","meta":{"footnotes":""},"class_list":["post-518","page","type-page","status-publish","hentry"],"_links":{"self":[{"href":"https:\/\/www.drd-software.com\/index.php?rest_route=\/wp\/v2\/pages\/518","targetHints":{"allow":["GET"]}}],"collection":[{"href":"https:\/\/www.drd-software.com\/index.php?rest_route=\/wp\/v2\/pages"}],"about":[{"href":"https:\/\/www.drd-software.com\/index.php?rest_route=\/wp\/v2\/types\/page"}],"author":[{"embeddable":true,"href":"https:\/\/www.drd-software.com\/index.php?rest_route=\/wp\/v2\/users\/3"}],"replies":[{"embeddable":true,"href":"https:\/\/www.drd-software.com\/index.php?rest_route=%2Fwp%2Fv2%2Fcomments&post=518"}],"version-history":[{"count":0,"href":"https:\/\/www.drd-software.com\/index.php?rest_route=\/wp\/v2\/pages\/518\/revisions"}],"wp:attachment":[{"href":"https:\/\/www.drd-software.com\/index.php?rest_route=%2Fwp%2Fv2%2Fmedia&parent=518"}],"curies":[{"name":"wp","href":"https:\/\/api.w.org\/{rel}","templated":true}]}}