

{"id":42,"date":"2012-06-29T21:06:54","date_gmt":"2012-06-29T21:06:54","guid":{"rendered":"http:\/\/www.drd-software.hu\/?page_id=42"},"modified":"2014-01-18T09:41:22","modified_gmt":"2014-01-18T08:41:22","slug":"order-tracking","status":"publish","type":"page","link":"https:\/\/www.drd-software.com\/?page_id=42","title":{"rendered":"Rendel\u00e9s k\u00f6vet\u00e9s"},"content":{"rendered":"<div class=\"woocommerce\">\n<form action=\"https:\/\/www.drd-software.com\/?page_id=42\" method=\"post\" class=\"woocommerce-form woocommerce-form-track-order track_order\">\n\n\t\n\t<p>A rendel\u00e9sed k\u00f6vet\u00e9s\u00e9hez k\u00e9rlek \u00edrd be a rendel\u00e9si azonos\u00edt\u00f3t az al\u00e1bbi dobozba, majd nyomd meg az &quot;Keres\u00e9s&quot; gombot. A rendel\u00e9si azonos\u00edt\u00f3t a nyugt\u00e1n \u00e9s a meger\u0151s\u00edt\u0151 e-mailben tal\u00e1lod.<\/p>\n\n\t<p class=\"form-row form-row-first\"><label for=\"orderid\">Rendel\u00e9s azonos\u00edt\u00f3ja<\/label> <input class=\"input-text\" type=\"text\" name=\"orderid\" id=\"orderid\" value=\"\" placeholder=\"A rendel\u00e9st meger\u0151s\u00edt\u0151 e-mailben tal\u00e1lhat\u00f3.\" \/><\/p>\t<p class=\"form-row form-row-last\"><label for=\"order_email\">Sz\u00e1ml\u00e1z\u00e1si email<\/label> <input class=\"input-text\" type=\"text\" name=\"order_email\" id=\"order_email\" value=\"\" placeholder=\"A v\u00e1s\u00e1rl\u00e1skor haszn\u00e1lt e-mail c\u00edm.\" \/><\/p>\t<div class=\"clear\"><\/div>\n\n\t\n\t<p class=\"form-row\"><button type=\"submit\" class=\"button\" name=\"track\" value=\"K\u00f6vet\u00e9s\">K\u00f6vet\u00e9s<\/button><\/p>\n\t<input type=\"hidden\" id=\"woocommerce-order-tracking-nonce\" name=\"woocommerce-order-tracking-nonce\" value=\"03f5f4e076\" \/><input type=\"hidden\" name=\"_wp_http_referer\" value=\"\/index.php?rest_route=%2Fwp%2Fv2%2Fpages%2F42\" \/>\n\t\n<\/form>\n<\/div>\n","protected":false},"excerpt":{"rendered":"","protected":false},"author":3,"featured_media":0,"parent":0,"menu_order":0,"comment_status":"closed","ping_status":"open","template":"","meta":{"footnotes":""},"class_list":["post-42","page","type-page","status-publish","hentry"],"_links":{"self":[{"href":"https:\/\/www.drd-software.com\/index.php?rest_route=\/wp\/v2\/pages\/42","targetHints":{"allow":["GET"]}}],"collection":[{"href":"https:\/\/www.drd-software.com\/index.php?rest_route=\/wp\/v2\/pages"}],"about":[{"href":"https:\/\/www.drd-software.com\/index.php?rest_route=\/wp\/v2\/types\/page"}],"author":[{"embeddable":true,"href":"https:\/\/www.drd-software.com\/index.php?rest_route=\/wp\/v2\/users\/3"}],"replies":[{"embeddable":true,"href":"https:\/\/www.drd-software.com\/index.php?rest_route=%2Fwp%2Fv2%2Fcomments&post=42"}],"version-history":[{"count":0,"href":"https:\/\/www.drd-software.com\/index.php?rest_route=\/wp\/v2\/pages\/42\/revisions"}],"wp:attachment":[{"href":"https:\/\/www.drd-software.com\/index.php?rest_route=%2Fwp%2Fv2%2Fmedia&parent=42"}],"curies":[{"name":"wp","href":"https:\/\/api.w.org\/{rel}","templated":true}]}}