

{"id":40,"date":"2012-06-29T21:06:54","date_gmt":"2012-06-29T21:06:54","guid":{"rendered":"http:\/\/www.drd-software.hu\/?page_id=40"},"modified":"2014-01-18T09:21:45","modified_gmt":"2014-01-18T08:21:45","slug":"cart","status":"publish","type":"page","link":"https:\/\/www.drd-software.com\/?page_id=40","title":{"rendered":"Kos\u00e1r"},"content":{"rendered":"<div class=\"woocommerce\">\n<p class=\"cart-empty\">Jelenleg \u00fcres a bev\u00e1s\u00e1rl\u00f3kos\u00e1r.<\/p>\n\n<div class=\"woocommerce-notices-wrapper\"><\/div><div class=\"wc-empty-cart-message\">\n\t<div class=\"cart-empty woocommerce-info\" role=\"status\">\n\t\tJelenleg \u00fcres a bev\u00e1s\u00e1rl\u00f3kos\u00e1r.\t<\/div>\n<\/div>\n<p class=\"return-to-shop\"><a class=\"button wc-backward\" href=\"https:\/\/www.drd-software.com\/?page_id=39\">Return To Shop<\/a><\/p>\n<\/div>\n","protected":false},"excerpt":{"rendered":"","protected":false},"author":3,"featured_media":0,"parent":0,"menu_order":0,"comment_status":"closed","ping_status":"open","template":"","meta":{"footnotes":""},"class_list":["post-40","page","type-page","status-publish","hentry"],"_links":{"self":[{"href":"https:\/\/www.drd-software.com\/index.php?rest_route=\/wp\/v2\/pages\/40","targetHints":{"allow":["GET"]}}],"collection":[{"href":"https:\/\/www.drd-software.com\/index.php?rest_route=\/wp\/v2\/pages"}],"about":[{"href":"https:\/\/www.drd-software.com\/index.php?rest_route=\/wp\/v2\/types\/page"}],"author":[{"embeddable":true,"href":"https:\/\/www.drd-software.com\/index.php?rest_route=\/wp\/v2\/users\/3"}],"replies":[{"embeddable":true,"href":"https:\/\/www.drd-software.com\/index.php?rest_route=%2Fwp%2Fv2%2Fcomments&post=40"}],"version-history":[{"count":0,"href":"https:\/\/www.drd-software.com\/index.php?rest_route=\/wp\/v2\/pages\/40\/revisions"}],"wp:attachment":[{"href":"https:\/\/www.drd-software.com\/index.php?rest_route=%2Fwp%2Fv2%2Fmedia&parent=40"}],"curies":[{"name":"wp","href":"https:\/\/api.w.org\/{rel}","templated":true}]}}