

{"id":375,"date":"2014-01-18T13:49:23","date_gmt":"2014-01-18T12:49:23","guid":{"rendered":"http:\/\/www.drd-software.hu\/?page_id=375"},"modified":"2026-01-02T15:09:58","modified_gmt":"2026-01-02T14:09:58","slug":"segitseg","status":"publish","type":"page","link":"https:\/\/www.drd-software.com\/?page_id=375","title":{"rendered":"\u00c1LTAL\u00c1NOS SEG\u00cdTS\u00c9G TERM\u00c9KEINK HASZN\u00c1LAT\u00c1HOZ"},"content":{"rendered":"<h3><\/h3>\n<h3>PDF dokumentumok<\/h3>\n<p style=\"text-align: justify;\"><span style=\"color: #0000ff;\"><strong>FIGYELEM! K\u00e9rj\u00fck, hogy \u00e9vv\u00e1lt\u00e1s el\u0151tt felt\u00e9tlen\u00fcl olvass\u00e1k el az erre vonatkoz\u00f3 le\u00edr\u00e1sokat az al\u00e1bbiakban!<\/strong><\/span><\/p>\n<table style=\"height: 264px; width: 570px;\" border=\"0\">\n<tbody>\n<tr>\n<td><img loading=\"lazy\" decoding=\"async\" src=\"images\/pdf.png\" alt=\"pdf\" width=\"50\" height=\"50\" \/><\/td>\n<td><a href=\"files\/2026_Teendok_a_DberWIN_rendszer_elso_inditasakor.pdf\" target=\"_blank\" rel=\"noopener noreferrer\"><strong><span style=\"font-size: 12pt;\">\u00c9vv\u00e1lt\u00e1s le\u00edr\u00e1sa Db\u00e9rWIN programban 2025-&gt;2026<\/span><\/strong><\/a><\/td>\n<\/tr>\n<tr>\n<td><img loading=\"lazy\" decoding=\"async\" src=\"images\/pdf.png\" alt=\"pdf\" width=\"50\" height=\"50\" \/><\/td>\n<td><a href=\"files\/2025_Teendok_a_DberWIN_rendszer_elso_inditasakor.pdf\" target=\"_blank\" rel=\"noopener noreferrer\"><strong><span style=\"font-size: 12pt;\">\u00c9vv\u00e1lt\u00e1s le\u00edr\u00e1sa Db\u00e9rWIN programban 2024-&gt;2025<\/span><\/strong><\/a><\/td>\n<\/tr>\n<tr>\n<td><img loading=\"lazy\" decoding=\"async\" src=\"images\/pdf.png\" alt=\"pdf\" width=\"50\" height=\"50\" \/><\/td>\n<td><a href=\"files\/onlineszamlasugo.pdf\" target=\"_blank\" rel=\"noopener noreferrer\"><strong><span style=\"font-size: 12pt;\">Sz\u00e1mla adatok let\u00f6lt\u00e9se NAV online sz\u00e1mla fel\u00fcletr\u0151l 2022. janu\u00e1r 8.<\/span><\/strong><\/a><\/td>\n<\/tr>\n<tr>\n<td><img loading=\"lazy\" decoding=\"async\" src=\"images\/pdf.png\" alt=\"pdf\" width=\"50\" height=\"50\" \/><\/td>\n<td><a href=\"files\/DBW-2020_teves_riasztas_elharitasa.pdf\" target=\"_blank\" rel=\"noopener noreferrer\"><strong><span style=\"font-size: 12pt;\">Windows Defender t\u00e9ves riaszt\u00e1s elleni be\u00e1ll\u00edt\u00e1s Db\u00e9rWIN<\/span><\/strong><\/a><\/td>\n<\/tr>\n<tr>\n<td width=\"58\"><img loading=\"lazy\" decoding=\"async\" src=\"images\/pdf.png\" alt=\"pdf\" width=\"50\" height=\"50\" \/><\/td>\n<td width=\"502\"><span style=\"font-size: 12pt;\"><strong><a class=\"application\/octet-stream.pdf\" href=\"files\/windows_10_beallitasok.pdf\" target=\"_blank\" rel=\"noopener noreferrer\">Seg\u00edts\u00e9g Windows 10 d\u00e1tumform\u00e1tum be\u00e1ll\u00edt\u00e1shoz<\/a><\/strong><\/span><\/td>\n<\/tr>\n<tr>\n<td width=\"58\"><img loading=\"lazy\" decoding=\"async\" src=\"images\/pdf.png\" alt=\"pdf\" width=\"50\" height=\"50\" \/><\/td>\n<td width=\"502\"><span style=\"font-size: 12pt;\"><strong><a class=\"application\/octet-stream.pdf\" href=\"files\/win11datum.pdf\" target=\"_blank\" rel=\"noopener noreferrer\">Seg\u00edts\u00e9g Windows 11 25H2 d\u00e1tumform\u00e1tum be\u00e1ll\u00edt\u00e1shoz<\/a><\/strong><\/span><\/td>\n<\/tr>\n<tr>\n<td><img loading=\"lazy\" decoding=\"async\" src=\"images\/pdf.png\" alt=\"pdf\" width=\"50\" height=\"50\" \/><\/td>\n<td><span style=\"font-size: 12pt;\"><strong><a href=\"files\/prathely2014.pdf\" target=\"_blank\" rel=\"noopener noreferrer\">Programok \u00e1thelyez\u00e9se g\u00e9pek k\u00f6z\u00f6tt<\/a><\/strong><\/span><\/td>\n<\/tr>\n<tr>\n<td rowspan=\"2\"><img loading=\"lazy\" decoding=\"async\" src=\"images\/pdf.png\" alt=\"pdf\" width=\"50\" height=\"50\" \/><\/td>\n<td height=\"27\"><span style=\"font-size: 12pt;\"><strong><a title=\"H\u00e1l\u00f3zatra kapcsol\u00e1s\" href=\"files\/dkonwin_halozatra_kapcsolas.pdf\" target=\"_blank\" rel=\"noopener noreferrer\">Windows alap\u00fa program h\u00e1l\u00f3zatra kapcsol\u00e1sa<\/a><\/strong><\/span><\/td>\n<\/tr>\n<tr>\n<td height=\"21\">(DkonWIN-en kereszt\u00fcl bemutatva, de a t\u00f6bbi ugyan\u00edgy m\u0171k\u00f6dik)<\/td>\n<\/tr>\n<\/tbody>\n<\/table>\n","protected":false},"excerpt":{"rendered":"<p>PDF dokumentumok FIGYELEM! K\u00e9rj\u00fck, hogy \u00e9vv\u00e1lt\u00e1s el\u0151tt felt\u00e9tlen\u00fcl olvass\u00e1k el az erre vonatkoz\u00f3 le\u00edr\u00e1sokat az al\u00e1bbiakban! \u00c9vv\u00e1lt\u00e1s le\u00edr\u00e1sa Db\u00e9rWIN programban 2025-&gt;2026 \u00c9vv\u00e1lt\u00e1s le\u00edr\u00e1sa Db\u00e9rWIN programban 2024-&gt;2025 Sz\u00e1mla adatok let\u00f6lt\u00e9se NAV online sz\u00e1mla fel\u00fcletr\u0151l 2022. janu\u00e1r 8. Windows Defender t\u00e9ves riaszt\u00e1s elleni be\u00e1ll\u00edt\u00e1s Db\u00e9rWIN Seg\u00edts\u00e9g Windows 10 d\u00e1tumform\u00e1tum be\u00e1ll\u00edt\u00e1shoz Seg\u00edts\u00e9g Windows 11 25H2 d\u00e1tumform\u00e1tum be\u00e1ll\u00edt\u00e1shoz Programok \u00e1thelyez\u00e9se g\u00e9pek k\u00f6z\u00f6tt Windows alap\u00fa program h\u00e1l\u00f3zatra kapcsol\u00e1sa (DkonWIN-en kereszt\u00fcl bemutatva, de a t\u00f6bbi ugyan\u00edgy m\u0171k\u00f6dik)<\/p>\n","protected":false},"author":3,"featured_media":0,"parent":0,"menu_order":0,"comment_status":"closed","ping_status":"open","template":"","meta":{"footnotes":""},"class_list":["post-375","page","type-page","status-publish","hentry"],"_links":{"self":[{"href":"https:\/\/www.drd-software.com\/index.php?rest_route=\/wp\/v2\/pages\/375","targetHints":{"allow":["GET"]}}],"collection":[{"href":"https:\/\/www.drd-software.com\/index.php?rest_route=\/wp\/v2\/pages"}],"about":[{"href":"https:\/\/www.drd-software.com\/index.php?rest_route=\/wp\/v2\/types\/page"}],"author":[{"embeddable":true,"href":"https:\/\/www.drd-software.com\/index.php?rest_route=\/wp\/v2\/users\/3"}],"replies":[{"embeddable":true,"href":"https:\/\/www.drd-software.com\/index.php?rest_route=%2Fwp%2Fv2%2Fcomments&post=375"}],"version-history":[{"count":0,"href":"https:\/\/www.drd-software.com\/index.php?rest_route=\/wp\/v2\/pages\/375\/revisions"}],"wp:attachment":[{"href":"https:\/\/www.drd-software.com\/index.php?rest_route=%2Fwp%2Fv2%2Fmedia&parent=375"}],"curies":[{"name":"wp","href":"https:\/\/api.w.org\/{rel}","templated":true}]}}