

{"id":351,"date":"2014-01-18T11:21:37","date_gmt":"2014-01-18T10:21:37","guid":{"rendered":"http:\/\/www.drd-software.hu\/?page_id=351"},"modified":"2014-01-18T14:53:50","modified_gmt":"2014-01-18T13:53:50","slug":"szerzodesi-feltetelek","status":"publish","type":"page","link":"https:\/\/www.drd-software.com\/?page_id=351","title":{"rendered":"Szerz\u0151d\u00e9si Felt\u00e9telek"},"content":{"rendered":"<p><strong>\u00c1ltal\u00e1nos Szerz\u0151d\u00e9si Felt\u00e9telek (\u00c1.Sz.F.)<\/strong><\/p>\n<p>K\u00e9rj\u00fck, rendel\u00e9s\u00e9nek v\u00e9gleges\u00edt\u00e9se el\u0151tt felt\u00e9tlen\u00fcl olvassa el, esetleges k\u00e9rd\u00e9s\u00e9vel forduljon bizalommal \u00fcgyf\u00e9lszolg\u00e1latunkhoz a <strong>http:\/\/www.drd-software.com<\/strong> WEB-oldalon, a Kapcsolat hivatkoz\u00e1s alatt megtal\u00e1lhat\u00f3 telefonsz\u00e1mok valamelyik\u00e9n.<\/p>\n<p><strong>1. Szerz\u0151d\u0151 felek<\/strong><\/p>\n<p>Jelen meg\u00e1llapod\u00e1s egyr\u00e9szr\u0151l a C.A.T. Consulting Kft. (8000 Sz\u00e9kesfeh\u00e9rv\u00e1r, T\u00e1v\u00edrda u. 2\/A III.em.5.) tov\u00e1bbiakban <strong>Forgalmaz\u00f3<\/strong>, m\u00e1sr\u00e9szr\u0151l a <strong>Megrendel\u0151<\/strong>, mint vev\u0151 k\u00f6z\u00f6tt j\u00f6n l\u00e9tre. A Forgalmaz\u00f3 az \u00e1ltala \u00fczemeltetett weblapon kereszt\u00fcl leadott rendel\u00e9sek\u00e9rt felel, azokat nyilv\u00e1ntartja \u00e9s a jelen szerz\u0151d\u00e9s keretei k\u00f6z\u00f6tt teljes\u00edti. A rendel\u00e9s elfogad\u00e1s\u00e1hoz az \u00d6n vagy c\u00e9ge azon adatai sz\u00fcks\u00e9gesek, amelyeket a weblap regisztr\u00e1ci\u00f3s oldalon kell megadni. A hi\u00e1nyosan, hamisan vagy pontatlanul megadott adatokkal a megrendel\u00e9s elutas\u00edt\u00e1sra ker\u00fcl, illetve a szerz\u0151d\u00e9s nem j\u00f6n l\u00e9tre.<\/p>\n<p>Amennyiben a regisztr\u00e1lt adatok nem felelnek meg a val\u00f3s\u00e1gnak, a rendel\u00e9st t\u00f6r\u00f6lj\u00fck \u00e9s a teljes\u00edt\u00e9s\u00e9t\u0151l indokl\u00e1s n\u00e9lk\u00fcl el\u00e1llunk. A rendel\u00e9st e-mailen kereszt\u00fcl visszaigazoljuk.<\/p>\n<p>Felek kijelentik, hogy szerz\u0151d\u00e9sk\u00f6t\u00e9si k\u00e9pess\u00e9g\u00fck semmiben sincs korl\u00e1tozva, \u00e9s a k\u00f6vetkez\u0151kben r\u00e9szletezett szerz\u0151d\u00e9st mind tartalm\u00e1ban, mind form\u00e1j\u00e1ban magukra n\u00e9zve \u00e9s esetleges jogut\u00f3djaikra k\u00f6telez\u0151nek fogadj\u00e1k el. Megrendel\u0151k\u00e9nt l\u00e9phet fel minden cselekv\u0151k\u00e9pes term\u00e9szetes ill. jogi szem\u00e9ly.<\/p>\n<p><strong>2. Bevezet\u0151 rendelkez\u00e9sek. <\/strong><\/p>\n<p>Az al\u00e1bbiakban le\u00edrt szerz\u0151d\u00e9si felt\u00e9telek a Forgalmaz\u00f3, mint elektronikus kereskedelmi szolg\u00e1ltat\u00e1st ny\u00fajt\u00f3 \u00e1ltal \u00fczemeltetett internetes \u00e1ruh\u00e1zban t\u00f6rt\u00e9n\u0151 v\u00e1s\u00e1rl\u00e1s jogi felt\u00e9teleit tartalmazza. \u00d6n megrendel\u00e9s\u00e9nek j\u00f3v\u00e1hagy\u00e1s\u00e1val jelen szerz\u0151d\u00e9st egy\u00e9rtelm\u0171en \u00e9s visszavonhatatlanul elfogadja, amely az Eur\u00f3pai Uni\u00f3 vonatkoz\u00f3 97\/7\/EK ir\u00e1nyelv\u00e9nek szab\u00e1lyaira \u00e9p\u00fcl\u0151 17\/1999. (II.5.) Korm. rend. el\u0151\u00edr\u00e1sainak figyelembe v\u00e9tel\u00e9vel k\u00e9sz\u00fclt. A rendel\u00e9s\u00e9nek v\u00e9gleges\u00edt\u00e9s\u00e9vel egyidej\u0171leg \u00d6n kijelenti, hogy a jelen szerz\u0151d\u00e9s tartalm\u00e1t elolvasta, meg\u00e9rtette \u00e9s azt mint akarat\u00e1val mindenben megegyez\u0151t hagyja j\u00f3v\u00e1, \u00e9s a tov\u00e1bbiakban \u00d6nmag\u00e1ra \u00e9s jogut\u00f3djaira n\u00e9zve k\u00f6telez\u0151nek ismeri el.<\/p>\n<p>A Forgalmaz\u00f3 fenntartja a jogot, hogy el\u0151zetes egyezs\u00e9g \u00e9s \u00e9rtes\u00edt\u00e9s n\u00e9lk\u00fcl m\u00f3dos\u00edtsa a szerz\u0151d\u00e9st, a v\u00e1ltoztat\u00e1sok nem t\u00e9rhetnek el a jogszab\u00e1lyi el\u0151\u00edr\u00e1sokt\u00f3l \u00e9s nem vonatkozhat a teljes\u00edt\u00e9s alatt l\u00e9v\u0151 vagy kor\u00e1bban teljes\u00edtett megrendel\u00e9sekre. K\u00e9rj\u00fck, hogy minden esetben ellen\u0151rizze az adott, aktu\u00e1lisan \u00e9rv\u00e9nyes szerz\u0151d\u00e9si felt\u00e9teleket.<\/p>\n<p>A rendel\u00e9s elk\u00fcld\u00e9s\u00e9vel a Megrendel\u0151 \u00e9s a Forgalmaz\u00f3 k\u00f6z\u00f6tt, mint t\u00e1voll\u00e9v\u0151k k\u00f6z\u00f6tt k\u00f6t\u00f6tt szerz\u0151d\u00e9s j\u00f6n l\u00e9tre a jelen dokumentumban le\u00edrt felt\u00e9telek szerint. A Forgalmaz\u00f3 k\u00f6telezetts\u00e9get v\u00e1llal a megrendel\u00e9s t\u00e1rgy\u00e1ban a t\u0151le elv\u00e1rhat\u00f3 legk\u00f6r\u00fcltekint\u0151bb magatart\u00e1s tan\u00fas\u00edt\u00e1s\u00e1ra, a Megrendel\u0151 k\u00f6telezetts\u00e9get v\u00e1llal arra, hogy a megrendelt \u00e1rut \u00e1tveszi, \u00e9s a v\u00e9tel\u00e1rat az \u00e1ltala a megrendel\u00e9s j\u00f3v\u00e1hagy\u00e1sakor v\u00e1llalt m\u00f3don kiegyenl\u00edti.<\/p>\n<p>A szerz\u0151d\u00e9s oly m\u00f3don j\u00f6n l\u00e9tre, hogy a Megrendel\u0151 a web\u00e1ruh\u00e1zban kiv\u00e1lasztott t\u00e9teleket elektronikusan megrendeli. A megrendel\u00e9si folyamat sor\u00e1n Megrendel\u0151 megismeri a term\u00e9keket, azok m\u0171szaki param\u00e9tereit, tulajdons\u00e1gait \u00e9s jellegzetess\u00e9geit, az \u00e1rakat \u00e9s fizet\u00e9si felt\u00e9teleket, valamint az \u00e1ru \u00e1tv\u00e9tel\u00e9nek m\u00f3dj\u00e1t. A megrendel\u00e9s \u00e9rv\u00e9nyes\u00edt\u00e9s\u00e9hez el kell fogadnia az \u00c1ltal\u00e1nos Szerz\u0151d\u00e9si Felt\u00e9teleket (\u00c1.Sz.F., jelen dokumentum.)<\/p>\n<p><strong>3. J\u00f3t\u00e1ll\u00e1s, szavatoss\u00e1g, el\u00e1ll\u00e1s<\/strong>.<\/p>\n<p><strong>3.1 Nem saj\u00e1t k\u00e9sz\u00edt\u00e9s\u0171 programterm\u00e9kek eset\u00e9ben:<\/strong><\/p>\n<p>Abban az esetben , ha az \u00e1ru hib\u00e1s illetve meghib\u00e1sodik a Ptk. a 151\/2003.(IX.22.) Korm. rend. illetve a 49\/2003. (VII.30.) GKM rendelet szerint j\u00e1r el az elad\u00f3. Ennek \u00e9rdek\u00e9ben a v\u00e1s\u00e1rl\u00f3 k\u00e9rheti a j\u00f3t\u00e1ll\u00e1si jegy szerint az \u00e1ru jav\u00edt\u00e1s\u00e1t, jav\u00edt\u00f3szolg\u00e1lat ig\u00e9nybev\u00e9tel\u00e9t, az \u00e1ru cser\u00e9j\u00e9t.<\/p>\n<p>Amennyiben az \u00e1tvett \u00e1rucikk hib\u00e1s, vagy a sz\u00e1ll\u00edt\u00e1s sor\u00e1n megs\u00e9r\u00fclt, azt Forgalmaz\u00f3 d\u00edjmentesen kicser\u00e9i, kiv\u00e9ve, ha ezt a t\u00e9nyt a term\u00e9k inform\u00e1ci\u00f3s lapj\u00e1n jel\u00f6lte. Amennyiben erre b\u00e1rmely okb\u00f3l nincs lehet\u0151s\u00e9g, a kifizetett v\u00e9tel\u00e1rat Forgalmaz\u00f3 visszafizeti, az \u00e1ru el\u0151zetes visszapost\u00e1z\u00e1sa, illetve a c\u00e9g sz\u00e9khely\u00e9re Megrendel\u0151 \u00e1ltal t\u00f6rt\u00e9n\u0151 visszasz\u00e1ll\u00edt\u00e1s eset\u00e9n. Az \u00e1rucikk cser\u00e9je csak az eredeti csomagol\u00e1s \u00e9s az eredeti sz\u00e1mla megl\u00e9te eset\u00e9n lehets\u00e9ges. Forgalmaz\u00f3 nem vesz vissza \u00e9s nem cser\u00e9l fest\u00e9kpatront, tonert, fest\u00e9kszalagot \u00e9s m\u00e1s fogy\u00f3- vagy kell\u00e9kanyagot.<\/p>\n<p>Mivel a Forgalmaz\u00f3 mint keresked\u0151 l\u00e9p fel a hardver \u00e9s szoftver gy\u00e1rt\u00f3k \u00e9s a v\u00e1s\u00e1rl\u00f3 k\u00f6z\u00f6tt, ez\u00e9rt nem v\u00e1llal felel\u0151ss\u00e9get, semmilyen olyan k\u00e1r\u00e9rt amely a v\u00e1s\u00e1rl\u00e1s ut\u00e1n k\u00f6zvetlen\u00fcl vagy k\u00f6zvetve a megv\u00e1s\u00e1rolt \u00e1ruval kapcsolatos. Megrendel\u0151 kijelenti, hogy a harmadik szem\u00e9ly \u00e1ltal a Forgalmaz\u00f3n kereszt\u00fcl ny\u00fajtott szolg\u00e1ltat\u00e1ssal kapcsolatos jogi \u00e9s k\u00e1rt\u00e9r\u00edt\u00e9si vit\u00e1kba nem vonja be a Forgalmaz\u00f3t, \u00e9s dolgoz\u00f3it. Ezen \u00fcgyek int\u00e9z\u00e9se csak a gy\u00e1rt\u00f3 \u00e9s a v\u00e1s\u00e1rl\u00f3 hat\u00e1sk\u00f6r\u00e9be tartozik. A Forgalmaz\u00f3 nem v\u00e1llal felel\u0151ss\u00e9get a t\u0151le sz\u00e1rmazott szoftverek \u00e1ltal okozott esetleges k\u00e1rok\u00e9rt, \u00e9s semmilyen esetben sem okolhat\u00f3 b\u00e1rmilyen profitvesztes\u00e9g\u00e9rt.<\/p>\n<p><strong>3.2 Saj\u00e1t k\u00e9sz\u00edt\u00e9s\u0171<\/strong> (\u201e<strong>DRD-Software<\/strong>\u201d gy\u00e1rt\u00f3 megjel\u00f6l\u00e9ssel ell\u00e1tott) program term\u00e9kek eset\u00e9ben:<\/p>\n<p>Forgalmaz\u00f3 ezen term\u00e9kek eset\u00e9ben Licenc-ad\u00f3k\u00e9nt j\u00e1r el. Licenc-ad\u00f3 kijelenti, hogy a programrendszerre harmadik szem\u00e9ly el\u0151zetesen olyan jogot nem szerzett, mely annak hasznos\u00edt\u00e1s\u00e1t korl\u00e1tozn\u00e1 vagy kiz\u00e1rn\u00e1. A Megrendel\u0151nek t\u00f6rt\u00e9n\u0151 felhaszn\u00e1l\u00e1si jog \u00e1tenged\u00e9s\u00e9vel p\u00e1rhuzamosan a Licenc-ad\u00f3 \u00f6nmag\u00e1nak minden jogot fenntart. Megrendel\u0151 tudom\u00e1sul veszi, hogy a nevezett program-term\u00e9kre csak \u00e9s kiz\u00e1r\u00f3lag felhaszn\u00e1l\u00e1si jogot kap, azt a k\u00e9s\u0151bbiekben nem \u00e9rt\u00e9kes\u00edtheti illetve tov\u00e1bb nem adhatja. Megrendel\u0151 kijelenti, hogy az \u00e1ltala megrendelt programo(ka)t err\u0151l az internetes oldalr\u00f3l let\u00f6lt\u00f6tt dem\u00f3 program alapj\u00e1n megismerte, ez alapj\u00e1n adja megrendel\u00e9s\u00e9t. A term\u00e9k(ek) megrendel\u00e9s\u00e9vel az azokhoz tartoz\u00f3 szoftver licenc szerz\u0151d\u00e9st (mely valamennyi program telep\u00edt\u00e9sekor megjelenik \u00e9s annak j\u00f3v\u00e1hagy\u00e1sra kell ker\u00fclnie) mag\u00e1ra n\u00e9zve k\u00f6telez\u0151nek fogadja el. Tudom\u00e1sul veszi, hogy nem korl\u00e1tlan c\u00e9ges v\u00e1ltozatn\u00e1l a licenc-jog 1 sz\u00e1m\u00edt\u00f3g\u00e9pen teszi lehet\u0151v\u00e9 a program(ok) futtat\u00e1s\u00e1t, korl\u00e1tlan c\u00e9ges rendszerben a tulajdon\u00e1t k\u00e9pez\u0151 \u00e9s a saj\u00e1t telephelyein m\u0171k\u00f6dtetett t\u00f6bb sz\u00e1m\u00edt\u00f3g\u00e9pen is futtathat\u00f3. A programterm\u00e9k k\u00e9sz\u00edt\u0151je, forgalmaz\u00f3ja a program egy adott c\u00e9lra t\u00f6rt\u00e9n\u0151 haszn\u00e1lhat\u00f3s\u00e1g\u00e1nak vagy nem haszn\u00e1lhat\u00f3s\u00e1g\u00e1nak k\u00e9rd\u00e9s\u00e9ben anyagi \u00e9s egy\u00e9b felel\u0151ss\u00e9g\u00e9t a programrendszer licenc-d\u00edj\u00e1nak m\u00e9rt\u00e9k\u00e9re korl\u00e1tozza. Sem a szerz\u0151t sem a forgalmaz\u00f3t nem terheli k\u00e1rt\u00e9r\u00edt\u00e9si k\u00f6telezetts\u00e9g a program haszn\u00e1lat\u00e1b\u00f3l vagy haszn\u00e1lhatatlans\u00e1g\u00e1b\u00f3l ad\u00f3d\u00f3 k\u00f6zvetett vagy k\u00f6zvetlen k\u00e1r\u00e9rt. Felhaszn\u00e1l\u00f3 tudom\u00e1sul veszi ezt a kik\u00f6t\u00e9st, ennek figyelembe v\u00e9tel\u00e9vel haszn\u00e1lja a programrendszer(ek)et.<\/p>\n<p>A Megrendel\u0151 kifog\u00e1sait mind a 3.1 \u00e9s 3.2 esetben is a v\u00e1s\u00e1rl\u00f3i \u00fcgyf\u00e9lszolg\u00e1lat keretei k\u00f6z\u00f6tt \u00e9rv\u00e9nyes\u00edtheti.<br \/>\n<strong><br \/>\n4. \u00c1rak. <\/strong><\/p>\n<p><strong>A term\u00e9kek adatlapj\u00e1n felt\u00fcntetett \u00e1r a term\u00e9k nett\u00f3 \u00e1ra, mely nem tartalmazza az \u00c1F\u00c1-t.<\/strong> Ezenk\u00edv\u00fcl k\u00fcl\u00f6n, a megrendel\u00e9s \u00f6sszes\u00edt\u00e9sekor kap Megrendel\u0151 t\u00e1j\u00e9koztat\u00e1st a sz\u00e1ll\u00edt\u00e1si szolg\u00e1ltat\u00e1s k\u00f6lts\u00e9g\u00e9r\u0151l. A nett\u00f3 \u00e1r ennek megfelel\u0151en az adott pillanatban \u00e9rv\u00e9nyes \u00e1ru v\u00e9tel\u00e1r\u00e1b\u00f3l valamint a sz\u00e1ll\u00edt\u00e1si k\u00f6lts\u00e9gb\u0151l tev\u0151dik \u00f6ssze, \u00e9s csak akkor v\u00e1lik v\u00e9gleges \u00e1rr\u00e1, ha a Megrendel\u0151 a rendel\u00e9si folyamat l\u00e9p\u00e9seit szab\u00e1lyosan elv\u00e9gzi \u00e9s a rendel\u00e9st j\u00f3v\u00e1hagyja. A v\u00e9gleges \u00e1r csak a felek k\u00f6z\u00f6s egyet\u00e9rt\u00e9s\u00e9vel m\u00f3dos\u00edthat\u00f3. Amennyiben valamely rendel\u00e9s vagy a rendel\u00e9s egy r\u00e9sze b\u00e1rmilyen okb\u00f3l m\u00f3dos\u00edt\u00e1sra ker\u00fcl, a m\u00f3dos\u00edtott rendel\u00e9sre a m\u00f3dos\u00edt\u00e1s id\u0151pontj\u00e1ban \u00e9rv\u00e9nyes sz\u00e1ll\u00edt\u00e1si \u00e9s fizet\u00e9si kond\u00edci\u00f3k vonatkoznak.<\/p>\n<p>Az \u00e1rak folyamatosan k\u00f6vetik a beszerz\u00e9si \u00e1rak v\u00e1ltoz\u00e1sait. Ez\u00e9rt az elad\u00f3 fenntartja mag\u00e1nak az indokol\u00e1s n\u00e9lk\u00fcli \u00e1rv\u00e1ltoztat\u00e1s jog\u00e1t, amely a m\u00e1r megrendelt term\u00e9k \u00e1r\u00e1t nem \u00e9rintheti. Nagyobb \u00f6sszeg\u0171 v\u00e1s\u00e1rl\u00e1s eset\u00e9n a Forgalmaz\u00f3 fenntartja mag\u00e1nak a jogot, hogy a v\u00e1s\u00e1rl\u00f3val egyeztetve el\u0151legfizet\u00e9st k\u00e9rjen.<\/p>\n<p><strong>5. Az elad\u00f3 felel\u0151ss\u00e9gv\u00e1llal\u00e1sa. <\/strong><\/p>\n<p><strong><\/strong>A Forgalmaz\u00f3 nem v\u00e1llal felel\u0151ss\u00e9get az inform\u00e1ci\u00f3s oldalon esetlegesen el\u0151fordul\u00f3 el\u00edr\u00e1si hib\u00e1k\u00e9rt, az oldalon elhelyezett inform\u00e1ci\u00f3k helyess\u00e9g\u00e9\u00e9rt, val\u00f3s\u00e1gtartalm\u00e1\u00e9rt. Fenntartja mag\u00e1nak a jogot a felhaszn\u00e1l\u00f3val szemben, a szolg\u00e1ltat\u00e1s \u00e9s a tartalom eg\u00e9sz\u00e9re, vagy csak egy r\u00e9sz\u00e9re vonatkoz\u00f3 t\u00f6rl\u00e9sre, sz\u00fcneteltet\u00e9s\u00e9re, v\u00e1ltoztat\u00e1sra b\u00e1rmilyen okb\u00f3l, el\u0151zetes \u00e9rtes\u00edt\u00e9s n\u00e9lk\u00fcl, illetve a szolg\u00e1ltat\u00e1s \u00e9s tartalom teljes k\u00f6r\u0171 vagy r\u00e9szleges megsz\u00fcntet\u00e9s\u00e9re. Az ebb\u0151l ered\u0151 k\u00e1rok\u00e9rt felel\u0151ss\u00e9get nem v\u00e1llal.<br \/>\n<strong><br \/>\n6. A v\u00e1s\u00e1rl\u00f3 felel\u0151ss\u00e9gv\u00e1llal\u00e1sa. <\/strong><\/p>\n<p>Megrendel\u0151 tudom\u00e1sul veszi, hogy rendel\u00e9se(i) j\u00f3v\u00e1hagy\u00e1s\u00e1val jelen szerz\u0151d\u00e9st elfogadja, \u00e9s az itt le\u00edrtak be nem tart\u00e1s\u00e1val szerz\u0151d\u00e9sszeg\u00e9st k\u00f6vet el, mely\u00e9rt jogi felel\u0151ss\u00e9ggel tartozik. Megrendel\u0151 v\u00e1llalja, hogy az \u00e1ltala j\u00f3v\u00e1hagyott rendel\u00e9sekben megrendelt \u00e1rut tartalmaz\u00f3 k\u00fcldem\u00e9nyek \u00e1tv\u00e9tel\u00e9r\u0151l \u00e9s kifizet\u00e9s\u00e9r\u0151l gondoskodik. Amennyiben a k\u00fcldem\u00e9ny k\u00e9zbes\u00edt\u00e9se a Megrendel\u0151 hib\u00e1j\u00e1b\u00f3l meghi\u00fasul, az ebb\u0151l ered\u0151 t\u00f6bbletk\u00f6lts\u00e9geket a Megrendel\u0151 megt\u00e9r\u00edti a Forgalmaz\u00f3 sz\u00e1m\u00e1ra.<\/p>\n<p><strong>7. P\u00e9nz\u00fcgyi elsz\u00e1mol\u00e1s. <\/strong><\/p>\n<p>Az elad\u00f3 az \u00e1ru kisz\u00e1ll\u00edt\u00e1sakor minden esetben sz\u00e1ml\u00e1t k\u00fcld a megrendel\u00e9s visszaigazol\u00e1s\u00e1nak megfelel\u0151en, melyet ut\u00e1nv\u00e9teles fizet\u00e9si m\u00f3d v\u00e1laszt\u00e1sakor az \u00e1ru \u00e1tv\u00e9telekor kell a k\u00e9zbes\u00edt\u0151nek egy \u00f6sszegben kifizetni, el\u0151re \u00e1tutal\u00e1skor a Forgalmaz\u00f3 \u00e1ltal k\u00fcld\u00f6tt d\u00edjbek\u00e9r\u0151 alapj\u00e1n kell a Forgalmaz\u00f3 banksz\u00e1ml\u00e1j\u00e1ra befizetni vagy \u00e1tutalni illetve egyes esetekben a c\u00e9g sz\u00e9khely\u00e9n az \u00e1ru \u00e1tv\u00e9telekor k\u00e9szp\u00e9nzben megfizetni. Forgalmaz\u00f3 fenntartja mag\u00e1nak a jogot, hogy amennyiben \u00fagy \u00edt\u00e9li meg, elutas\u00edtsa az ut\u00e1nv\u00e9tel illetve szem\u00e9lyes k\u00e9szp\u00e9nzfizet\u00e9s mellett t\u00f6rt\u00e9n\u0151 fizet\u00e9si m\u00f3dot. Ilyen esetben err\u0151l t\u00e1j\u00e9koztatja Megrendel\u0151t, aki eld\u00f6ntheti, k\u00edv\u00e1n-e v\u00e1s\u00e1rolni el\u0151legfizet\u00e9s vagy el\u0151re \u00e1tutal\u00e1s mellett. Amennyiben Felek nem tudnak a fizet\u00e9s m\u00f3dj\u00e1r\u00f3l megegyezni, a megrendel\u00e9s t\u00f6rl\u00e9sre ker\u00fcl.<br \/>\n<strong><br \/>\n8. Sz\u00e1ll\u00edt\u00e1si hat\u00e1rid\u0151k \u00e9s felt\u00e9telek. <\/strong><\/p>\n<p>Sz\u00e1ll\u00edt\u00e1si hat\u00e1rid\u0151 amennyiben az \u00e1ru rakt\u00e1rk\u00e9szleten van a rendel\u00e9s visszaigazol\u00e1s\u00e1t\u00f3l sz\u00e1m\u00edtott 5 munkanap, ha nincs rakt\u00e1rk\u00e9szleten &#8211; beszerz\u00e9si id\u0151 f\u00fcggv\u00e9ny\u00e9ben &#8211; a rendel\u00e9s visszaigazol\u00e1s\u00e1ban k\u00f6z\u00f6ltek szerint.<\/p>\n<p><strong>9. Szerz\u0151i jog. <\/strong><\/p>\n<p>Tilos a Forgalmaz\u00f3 \u00edr\u00e1sos enged\u00e9lye n\u00e9lk\u00fcl a nevet, k\u00e9pet, log\u00f3t felhaszn\u00e1lni, minden olyan term\u00e9khez vagy szolg\u00e1ltat\u00e1shoz, amely nem tartozik a k\u00f6r\u00e9be, amely alkalmas az \u00fcgyfelek megt\u00e9veszt\u00e9s\u00e9re, a Forgalmaz\u00f3 vagy a http:\/\/www.drd-software.com nev\u00e9nek lej\u00e1rat\u00e1s\u00e1ra. Az oldalain tal\u00e1lhat\u00f3 sz\u00f6veges inform\u00e1ci\u00f3k, k\u00e9pek, embl\u00e9m\u00e1k, tipogr\u00e1fiai \u00e9s design elemek a szerz\u0151i jog hat\u00e1lya al\u00e1 esnek, tilos azokat a Forgalmaz\u00f3 \u00edr\u00e1sos enged\u00e9lye n\u00e9lk\u00fcl sokszoros\u00edtani, terjeszteni vagy felhaszn\u00e1lni. A DRD-Software\u2122 \u00e9s annak log\u00f3ja a WEB-\u00e1ruh\u00e1z tulajdonos\u00e1nak bejegyzett v\u00e9djegye, annak felhaszn\u00e1l\u00e1sa szigor\u00faan tilos \u00e9s minden esetben elj\u00e1r\u00e1s megind\u00edt\u00e1s\u00e1t vonja maga ut\u00e1n.<\/p>\n","protected":false},"excerpt":{"rendered":"<p>\u00c1ltal\u00e1nos Szerz\u0151d\u00e9si Felt\u00e9telek (\u00c1.Sz.F.) K\u00e9rj\u00fck, rendel\u00e9s\u00e9nek v\u00e9gleges\u00edt\u00e9se el\u0151tt felt\u00e9tlen\u00fcl olvassa el, esetleges k\u00e9rd\u00e9s\u00e9vel forduljon bizalommal \u00fcgyf\u00e9lszolg\u00e1latunkhoz a http:\/\/www.drd-software.com WEB-oldalon, a Kapcsolat hivatkoz\u00e1s alatt megtal\u00e1lhat\u00f3 telefonsz\u00e1mok valamelyik\u00e9n. 1. Szerz\u0151d\u0151 felek Jelen meg\u00e1llapod\u00e1s egyr\u00e9szr\u0151l a C.A.T. Consulting Kft. (8000 Sz\u00e9kesfeh\u00e9rv\u00e1r, T\u00e1v\u00edrda u. 2\/A III.em.5.) tov\u00e1bbiakban Forgalmaz\u00f3, m\u00e1sr\u00e9szr\u0151l a Megrendel\u0151, mint vev\u0151 k\u00f6z\u00f6tt j\u00f6n l\u00e9tre. A Forgalmaz\u00f3 az \u00e1ltala \u00fczemeltetett weblapon kereszt\u00fcl leadott rendel\u00e9sek\u00e9rt felel, azokat nyilv\u00e1ntartja \u00e9s a jelen szerz\u0151d\u00e9s keretei k\u00f6z\u00f6tt teljes\u00edti. A rendel\u00e9s elfogad\u00e1s\u00e1hoz az \u00d6n vagy c\u00e9ge azon adatai sz\u00fcks\u00e9gesek, amelyeket a weblap regisztr\u00e1ci\u00f3s oldalon kell megadni. A hi\u00e1nyosan, hamisan vagy pontatlanul megadott adatokkal a [&hellip;]<\/p>\n","protected":false},"author":3,"featured_media":0,"parent":0,"menu_order":0,"comment_status":"closed","ping_status":"open","template":"","meta":{"footnotes":""},"class_list":["post-351","page","type-page","status-publish","hentry"],"_links":{"self":[{"href":"https:\/\/www.drd-software.com\/index.php?rest_route=\/wp\/v2\/pages\/351","targetHints":{"allow":["GET"]}}],"collection":[{"href":"https:\/\/www.drd-software.com\/index.php?rest_route=\/wp\/v2\/pages"}],"about":[{"href":"https:\/\/www.drd-software.com\/index.php?rest_route=\/wp\/v2\/types\/page"}],"author":[{"embeddable":true,"href":"https:\/\/www.drd-software.com\/index.php?rest_route=\/wp\/v2\/users\/3"}],"replies":[{"embeddable":true,"href":"https:\/\/www.drd-software.com\/index.php?rest_route=%2Fwp%2Fv2%2Fcomments&post=351"}],"version-history":[{"count":0,"href":"https:\/\/www.drd-software.com\/index.php?rest_route=\/wp\/v2\/pages\/351\/revisions"}],"wp:attachment":[{"href":"https:\/\/www.drd-software.com\/index.php?rest_route=%2Fwp%2Fv2%2Fmedia&parent=351"}],"curies":[{"name":"wp","href":"https:\/\/api.w.org\/{rel}","templated":true}]}}