

{"id":346,"date":"2014-01-18T11:18:14","date_gmt":"2014-01-18T10:18:14","guid":{"rendered":"http:\/\/www.drd-software.hu\/?page_id=346"},"modified":"2014-01-18T11:19:39","modified_gmt":"2014-01-18T10:19:39","slug":"altalanos-informaciok","status":"publish","type":"page","link":"https:\/\/www.drd-software.com\/?page_id=346","title":{"rendered":"\u00c1ltal\u00e1nos Inform\u00e1ci\u00f3k"},"content":{"rendered":"<p style=\"text-align: justify;\"><span style=\"font-family: helvetica;\">C\u00e9g\u00fcnk 1996. janu\u00e1rj\u00e1ban alakult. Eredetileg k\u00f6nyvel\u0151iroda l\u00e9trehoz\u00e1sa volt a c\u00e9lunk. Ehhez v\u00e1s\u00e1roltunk k\u00f6nyvel\u0151 \u00e9s b\u00e9rsz\u00e1mfejt\u0151 rendszert, amivel azonban nem voltunk megel\u00e9gedve. Ez\u00e9rt d\u00f6nt\u00f6tt\u00fcnk saj\u00e1t fejleszt\u00e9s mellett. A c\u00e9g alap\u00edt\u00f3ja eredetileg informatikusnak, majd programoz\u00f3nak tanult, csak k\u00e9s\u0151bb k\u00f6nyvel\u0151nek. \u00cdgy minden adott volt, hogy visszat\u00e9rve a gy\u00f6kerekhez, ig\u00e9nyeinknek megfelel\u0151en tudjunk kialak\u00edtani szoftver h\u00e1tter\u00fcnket.<\/span><\/p>\n<p style=\"text-align: justify;\"><span style=\"font-family: helvetica;\">A saj\u00e1t felhaszn\u00e1l\u00e1s mellett egyedi nagy rendszerek fejleszt\u00e9s\u00e9t v\u00e9gezt\u00fck, ami m\u00e9g 1996-1998 k\u00f6z\u00f6tt &#8222;sz\u00e1jr\u00f3l-sz\u00e1jra&#8221; terjedt. Egyre t\u00f6bb megkeres\u00e9st kaptunk azzal, hogy &#8222;nekem is olyan program kell, amit l\u00e1ttam a bar\u00e1tomn\u00e1l&#8221;. Fokozatosan \u00e1thelyez\u0151d\u00f6tt a hangs\u00faly a programok k\u00e9sz\u00edt\u00e9s\u00e9re.<br \/>\n<\/span><\/p>\n<p style=\"text-align: justify;\"><span style=\"font-family: helvetica;\">A megkeres\u00e9sek miatt c\u00e9lszer\u0171 volt az egyedi fejleszt\u00e9s\u0171 nagy szoftverek mellett (amiket ma integr\u00e1lt rendszerk\u00e9nt emlegetnek) k\u00e9sz\u00edteni egy univerz\u00e1lis, k\u00f6nnyen m\u00e1s ig\u00e9nyekre szabhat\u00f3 programcsomagot. Ezzel el\u00e9rkezt\u00fcnk ahhoz a fordul\u00f3ponthoz, ami a mai napig meghat\u00e1rozza tev\u00e9kenys\u00e9g\u00fcnket. Robban\u00e1sszer\u0171en megn\u00f6vekedett felhaszn\u00e1l\u00f3ink sz\u00e1ma, \u00edgy ahhoz, hogy mindenkire figyelni tudjunk, \u00e1t kellett \u00e1llnunk a term\u00e9kek k\u00f6vet\u00e9s\u00e9re, tan\u00e1csad\u00e1sra, a vel\u00fcnk dolgoz\u00f3 k\u00f6nyvel\u0151k h\u00e1tt\u00e9rt\u00e1mogat\u00e1s\u00e1ra.<\/span><\/p>\n<p style=\"text-align: justify;\"><span style=\"font-family: helvetica;\">Jelenlegi f\u0151 profilunk k\u00f6nyvel\u0151, \u00fcgyviteli \u00e9s sz\u00e1ml\u00e1z\u00f3 programok k\u00e9sz\u00edt\u00e9se\/forgalmaz\u00e1sa. Ezeket egyr\u00e9szt saj\u00e1t tapasztalataink, m\u00e1sr\u00e9szt partnerc\u00e9geink k\u00e9r\u00e9sei, visszajelz\u00e9sei alapj\u00e1n fejlesztj\u00fck. Abban a szerencs\u00e9s helyzetben vagyunk, hogy a mai napig olyan nagyszer\u0171 emberekkel dolgozhatunk egy\u00fctt, akik m\u00e9g 1997-98 \u00e9vben el\u0151sz\u00f6r b\u00e9reltek, majd v\u00e1s\u00e1roltak t\u0151l\u00fcnk programot.<\/span><\/p>\n<p style=\"text-align: justify;\"><em><span style=\"font-size: 12pt;\"><strong><span style=\"font-family: helvetica;\">Mi\u00e9rt \u00e9rdemes a mi rendszereink mellett d\u00f6nteni?<\/span><\/strong><\/span><\/em><\/p>\n<p style=\"text-align: justify;\"><span style=\"font-family: helvetica;\">Mert<br \/>\n&#8211; nem egyszer\u0171en egy programot kap. Egy\u00fcttm\u0171k\u00f6d\u00e9s\u00fcnk keret\u00e9ben igyeksz\u00fcnk seg\u00edteni a megfelel\u0151 programhaszn\u00e1lat kialak\u00edt\u00e1s\u00e1ban, az alkalmazott eszk\u00f6z\u00f6k kiv\u00e1logat\u00e1s\u00e1ban (sz\u00e1m\u00edt\u00f3g\u00e9p, nyomtat\u00f3, h\u00e1l\u00f3zat). Hardware eszk\u00f6z\u00f6k beszerz\u00e9s\u00e9ben is sz\u00edvesen seg\u00edt\u00fcnk, ilyen esetben a konkr\u00e9t feladat ismeret\u00e9ben tesz\u00fcnk aj\u00e1nlatot;<br \/>\n&#8211; <strong>n\u00e1lunk a programoz\u00f3 is k\u00f6nyvel\u0151<\/strong>. \u00cdgy nem a programoz\u00e1si tank\u00f6nyvb\u0151l indultunk ki, hanem a gyakorlatb\u00f3l. K\u00f6nnyebben megtal\u00e1ljuk a k\u00f6z\u00f6s hangot, nem kell elmagyar\u00e1znia, hogy mit jelent a tartozik\/k\u00f6vetel, a deviza \u00e1tlag\u00e1r vagy az \u00e9v v\u00e9gi \u00e1t\u00e9rt\u00e9kel\u00e9s. Szint\u00e9n meg\u00e9rtj\u00fck, hogy mi\u00e9rt k\u00e9nyelmesebb \u00e9s gyorsabb a sz\u00e1m billenty\u0171zet \u00e9s az ENTER, mint a TAB gomb a billenty\u0171zet bal oldal\u00e1n :o) Kattintgatni, eger\u00e9szni sem szeret\u00fcnk, ez\u00e9rt igyekezt\u00fcnk mindent a billenty\u0171zetr\u0151l el\u00e9rhet\u0151v\u00e9 tenni;<br \/>\n&#8211; a t\u00f6bb ezer k\u00f6nyvelt c\u00e9g biztos\u00edtja, hogy a term\u00e9ket ne csak &#8222;laborban&#8221; tesztelj\u00fck, hanem val\u00f3s k\u00f6r\u00fclm\u00e9nyek k\u00f6z\u00f6tt, a mindennapi \u00e9letben el\u0151fordul\u00f3 v\u00e1ratlan helyzetekben is;<br \/>\n&#8211; <strong>nem hagyjuk mag\u00e1ra<\/strong>. Munkaid\u0151ben el\u00e9rhet\u0151ek vagyunk telefonon, e-mailben. H\u00edvhat benn\u00fcnket, ha valahol elakad \u00e9s megoldjuk a probl\u00e9m\u00e1t;<br \/>\n&#8211; a jogszab\u00e1lyi k\u00f6vet\u00e9st <strong>kedvez\u0151 felt\u00e9telek mellett<\/strong> tudja ig\u00e9nybe venni<br \/>\n&#8211; nem k\u00fcld\u00fcnk meglepet\u00e9s sz\u00e1ml\u00e1kat. K\u00f6lts\u00e9ghat\u00e9konyan dolgozunk, \u00edgy \u00e9vek \u00f3ta nem kellett emeln\u00fcnk a k\u00f6vet\u00e9si d\u00edjakon<br \/>\n&#8211; nem sz\u00fcks\u00e9ges informatikus a rendszereink telep\u00edt\u00e9s\u00e9hez, friss\u00edt\u00e9s\u00e9hez. Amennyiben van internet a sz\u00e1m\u00edt\u00f3g\u00e9p\u00e9n, a friss\u00edt\u00e9sek megjelen\u00e9sekor \u00d6n \u00e9rtes\u00edt\u00e9st kap a let\u00f6lt\u00e9s lehet\u0151s\u00e9g\u00e9r\u0151l, amit egy gombnyom\u00e1ssal elv\u00e9gezhet<br \/>\n<\/span><\/p>\n<p style=\"text-align: justify;\"><span style=\"font-family: helvetica;\">\u00c9rdemes megfontolni ezeket a szempontokat. Egy j\u00f3 d\u00f6nt\u00e9ssel nemcsak kellemetlen helyzeteket el\u0151zhet meg, hanem id\u0151t, ezzel pedig p\u00e9nzt takar\u00edthat meg.<\/span><\/p>\n","protected":false},"excerpt":{"rendered":"<p>C\u00e9g\u00fcnk 1996. janu\u00e1rj\u00e1ban alakult. Eredetileg k\u00f6nyvel\u0151iroda l\u00e9trehoz\u00e1sa volt a c\u00e9lunk. Ehhez v\u00e1s\u00e1roltunk k\u00f6nyvel\u0151 \u00e9s b\u00e9rsz\u00e1mfejt\u0151 rendszert, amivel azonban nem voltunk megel\u00e9gedve. Ez\u00e9rt d\u00f6nt\u00f6tt\u00fcnk saj\u00e1t fejleszt\u00e9s mellett. A c\u00e9g alap\u00edt\u00f3ja eredetileg informatikusnak, majd programoz\u00f3nak tanult, csak k\u00e9s\u0151bb k\u00f6nyvel\u0151nek. \u00cdgy minden adott volt, hogy visszat\u00e9rve a gy\u00f6kerekhez, ig\u00e9nyeinknek megfelel\u0151en tudjunk kialak\u00edtani szoftver h\u00e1tter\u00fcnket. A saj\u00e1t felhaszn\u00e1l\u00e1s mellett egyedi nagy rendszerek fejleszt\u00e9s\u00e9t v\u00e9gezt\u00fck, ami m\u00e9g 1996-1998 k\u00f6z\u00f6tt &#8222;sz\u00e1jr\u00f3l-sz\u00e1jra&#8221; terjedt. Egyre t\u00f6bb megkeres\u00e9st kaptunk azzal, hogy &#8222;nekem is olyan program kell, amit l\u00e1ttam a bar\u00e1tomn\u00e1l&#8221;. Fokozatosan \u00e1thelyez\u0151d\u00f6tt a hangs\u00faly a programok k\u00e9sz\u00edt\u00e9s\u00e9re. A megkeres\u00e9sek miatt c\u00e9lszer\u0171 volt az egyedi fejleszt\u00e9s\u0171 [&hellip;]<\/p>\n","protected":false},"author":3,"featured_media":0,"parent":0,"menu_order":0,"comment_status":"closed","ping_status":"open","template":"","meta":{"footnotes":""},"class_list":["post-346","page","type-page","status-publish","hentry"],"_links":{"self":[{"href":"https:\/\/www.drd-software.com\/index.php?rest_route=\/wp\/v2\/pages\/346","targetHints":{"allow":["GET"]}}],"collection":[{"href":"https:\/\/www.drd-software.com\/index.php?rest_route=\/wp\/v2\/pages"}],"about":[{"href":"https:\/\/www.drd-software.com\/index.php?rest_route=\/wp\/v2\/types\/page"}],"author":[{"embeddable":true,"href":"https:\/\/www.drd-software.com\/index.php?rest_route=\/wp\/v2\/users\/3"}],"replies":[{"embeddable":true,"href":"https:\/\/www.drd-software.com\/index.php?rest_route=%2Fwp%2Fv2%2Fcomments&post=346"}],"version-history":[{"count":0,"href":"https:\/\/www.drd-software.com\/index.php?rest_route=\/wp\/v2\/pages\/346\/revisions"}],"wp:attachment":[{"href":"https:\/\/www.drd-software.com\/index.php?rest_route=%2Fwp%2Fv2%2Fmedia&parent=346"}],"curies":[{"name":"wp","href":"https:\/\/api.w.org\/{rel}","templated":true}]}}