

{"id":272,"date":"2014-01-18T06:16:47","date_gmt":"2014-01-18T05:16:47","guid":{"rendered":"http:\/\/www.drd-software.hu\/?page_id=272"},"modified":"2014-10-17T09:27:19","modified_gmt":"2014-10-17T08:27:19","slug":"dber-berszamfejto-program","status":"publish","type":"page","link":"https:\/\/www.drd-software.com\/?page_id=272","title":{"rendered":"DB\u00c9R b\u00e9rsz\u00e1mfejt\u0151 program"},"content":{"rendered":"<p><strong>Windows alap\u00fa b\u00e9rsz\u00e1mfejt\u0151 program.<\/strong><\/p>\n<p>Els\u0151, akkor m\u00e9g DOS alap\u00fa verzi\u00f3ja k\u00f6nyvel\u0151 programjainkban, egy be\u00e9p\u00edtett t\u00f6bbletszolg\u00e1ltat\u00e1sk\u00e9nt jelent meg 1997-ben. Akkor a c\u00e9lunk egy nagyon egyszer\u0171 kis b\u00e9rmodul volt, melyet ingyenesen biztos\u00edtottunk az \u00e1ltalunk forgalmazott szoftverekhez. Tov\u00e1bbi 3 \u00e9v telt el az els\u0151 \u00f6n\u00e1ll\u00f3, k\u00fcl\u00f6n is el\u00e9rhet\u0151 program megjelen\u00e9s\u00e9ig. Ezt folyamatosan friss\u00edtett\u00fck, igyekezt\u00fcnk Felhaszn\u00e1l\u00f3ink ig\u00e9nyeinek megfelel\u0151en b\u0151v\u00edtve t\u00f6k\u00e9letes\u00edteni. A Db\u00e9rWIN ennek a kor\u00e1bbi, DOS-os rendszernek a haszn\u00e1lata sor\u00e1n \u00f6sszegy\u0171jt\u00f6tt tapasztalatok figyelembev\u00e9tel\u00e9vel \u00edr\u00f3dott meg 2003-ban. 2004 \u00f3ta van a piacon, a mai napig b\u0151v\u00edtj\u00fck tud\u00e1s\u00e1t, szolg\u00e1ltat\u00e1sait.<\/p>\n<p><strong>Jellemz\u0151k<\/strong><\/p>\n<ul class=\"checklist\">\n<li>egyszer\u0171 kezelhet\u0151s\u00e9g, sokf\u00e9le el\u0151re be\u00e1ll\u00edtott kifizet\u00e9si jogc\u00edm<\/li>\n<li>havid\u00edjas, munkaid\u0151keretes, \u00f3rad\u00edjas \u00e9s teljes\u00edtm\u00e9ny b\u00e9res sz\u00e1mfejt\u00e9s<\/li>\n<li>osztal\u00e9k, osztal\u00e9k el\u0151leg, kamatj\u00f6vedelem elsz\u00e1mol\u00e1sa, megb\u00edz\u00e1si d\u00edj sz\u00e1mfejt\u00e9se<\/li>\n<li>egyszer\u0171s\u00edtett foglalkoztat\u00e1s<\/li>\n<li>egy dolgoz\u00f3 t\u00f6bb jogviszonnyal is rendelkezhet<\/li>\n<li>cafeteria kifizet\u00e9si jogc\u00edmek<\/li>\n<li>rugalmasan alak\u00edthat\u00f3 kinek-kinek saj\u00e1t ig\u00e9nyei szerint<\/li>\n<li>munkaid\u0151 nyilv\u00e1ntart\u00e1s<\/li>\n<li>tart\u00e1si k\u00f6telezetts\u00e9gek, letilt\u00e1sok kezel\u00e9se<\/li>\n<li>havi egy norm\u00e1l \u00e9s tetsz\u0151leges sz\u00e1m\u00fa egyedi kifizet\u00e9s b\u00e9rsz\u00e1mfejt\u00e9se<\/li>\n<li>NYENYI<\/li>\n<li>\u00e1tad\u00e1s \u00c1NYK programnak elektronikus bevall\u00e1sokhoz (T1041, 08, 58)<\/li>\n<li>be- \u00e9s kil\u00e9ptet\u0151 pap\u00edrok elk\u00e9sz\u00edt\u00e9se<\/li>\n<li>c\u00edmletjegyz\u00e9k k\u00e9sz\u00edt\u00e9se (rendelend\u0151 k\u00e9szp\u00e9nz)<\/li>\n<li>utal\u00e1sok egy vagy t\u00f6bb banksz\u00e1ml\u00e1ra, fix \u00f6sszeg vagy sz\u00e1zal\u00e9k magad\u00e1s\u00e1val<\/li>\n<li>havi k\u00f6telezetts\u00e9gek legy\u0171jt\u00e9se, ezer Forintra kerek\u00edtve a havonta utaland\u00f3 j\u00e1rul\u00e9kok \u00e9s ad\u00f3k list\u00e1z\u00e1sa, ami figyelembe veszi a +\/-1 ezer Ft-os kerek\u00edt\u00e9seket is<\/li>\n<li>az el\u0151z\u0151 ponthoz kapcsol\u00f3d\u00f3an \u00e9ves j\u00e1rul\u00e9kt\u00e1bla lek\u00e9r\u00e9s Ft-ra \u00e9s ezer Ft-ra, teljes \u00e1llom\u00e1ny \u00f6sszes\u00edtett \u00e9rt\u00e9ke \u00e9s egy dolgoz\u00f3 jogc\u00edmei alapj\u00e1n<\/li>\n<li>kereseti igazol\u00e1s<\/li>\n<li>munkaszerz\u0151d\u00e9sek sorsz\u00e1m \u00e9s d\u00e1tum szerinti nyilv\u00e1ntart\u00e1sa<\/li>\n<li>dolgoz\u00f3 b\u00e9r- \u00e9s szabads\u00e1g karton<\/li>\n<li>M nyomtatv\u00e1nyok, nyilatkozatok<\/li>\n<\/ul>\n<p><strong>A programhoz rendelhet\u0151 modulok:<\/strong><\/p>\n<ul class=\"star\">\n<li>bank export: lehet\u0151s\u00e9get ny\u00fajt a dolgoz\u00f3k b\u00e9reinek az elektronikus banki rendszerbe t\u00f6rt\u00e9n\u0151 export\u00e1l\u00e1s\u00e1ra, \u00edgy gyorsabb az utal\u00e1sok el\u0151k\u00e9sz\u00edt\u00e9se<\/li>\n<li>munkasz\u00e1m modul: a dolgoz\u00f3k b\u00e9r\u00e9t megoszthatjuk munkasz\u00e1mok k\u00f6z\u00f6tt, amivel lehet\u0151s\u00e9g ny\u00edlik arra, hogy telephelyenk\u00e9nt tudjunk eredm\u00e9nykimutat\u00e1st k\u00e9sz\u00edteni, k\u00f6lts\u00e9g megoszt\u00e1st figyelni, vagy ak\u00e1r projectek hat\u00e9konys\u00e1g\u00e1t ellen\u0151rizni<\/li>\n<li>kifizet\u0151helyi modul k\u00e9sz\u00edt\u00e9s\u00e9t egyedi \u00e1raj\u00e1nlat alapj\u00e1n v\u00e1llaljuk<\/li>\n<li>heti b\u00e9rfizet\u00e9s modul: heti b\u00e9rel\u0151leg fizet\u00e9sre ad lehet\u0151s\u00e9get. Az \u00edgy kiadott el\u0151legeket nyilv\u00e1ntartja, a havi b\u00e9rsz\u00e1mfejt\u00e9sn\u00e9l visszavonja<\/li>\n<\/ul>\n<p><strong>A program rendszer licenc-d\u00edja tartalmazza:<\/strong> telep\u00edt\u0151 CD, \u00e9les\u00edt\u0151 kulcs, licenc igazol\u00f3 k\u00e1rtya, elektronikus k\u00e9zik\u00f6nyv, eg\u00e9sz \u00e9vben programfriss\u00edt\u00e9s az internetr\u0151l (automatikusan vagy k\u00e9zzel ind\u00edtva).<\/p>\n<table style=\"text-align: left; height: 140px; width: 650px;\" border=\"0\">\n<tbody style=\"text-align: left;\">\n<tr style=\"text-align: left;\">\n<td style=\"text-align: left;\" height=\"60\"><a href=\"http:\/\/www.drd-software.com\/?page_id=445\"><img loading=\"lazy\" decoding=\"async\" src=\"images\/letoltes.png\" alt=\"letoltes\" width=\"50\" height=\"50\" \/><\/a><\/td>\n<td style=\"text-align: left;\"><span style=\"font-size: 10pt;\"><a href=\"http:\/\/www.drd-software.com\/?page_id=445\">Program\/doku let\u00f6lt\u00e9se (PDF)<\/a><\/span><\/td>\n<td style=\"text-align: left;\"><img loading=\"lazy\" decoding=\"async\" src=\"images\/form.png\" alt=\"form\" width=\"50\" height=\"50\" \/><\/td>\n<td style=\"text-align: left;\"><span style=\"font-size: 10pt;\"><a href=\"files\/Megrendelo_konyvelokhoz.pdf\" target=\"_blank\">Megrendel\u0151lap (FAX, vagy lev\u00e9l)<\/a><\/span><\/td>\n<\/tr>\n<tr style=\"text-align: left;\">\n<td style=\"text-align: left;\" height=\"60\"><a href=\"http:\/\/www.drd-software.com\/?product_cat=berszamfejto\"><img loading=\"lazy\" decoding=\"async\" style=\"text-align: left; float: left;\" src=\"images\/webshop.png\" alt=\"webshop\" width=\"50\" height=\"50\" \/><\/a><\/td>\n<td colspan=\"3\"><a href=\"http:\/\/www.drd-software.com\/?product_cat=berszamfejto\"><span style=\"font-size: 10pt;\">Megrendel\u00e9s a web\u00e1ruh\u00e1zban (\u00e1rak megtekint\u00e9se)<\/span><\/a><\/td>\n<\/tr>\n<\/tbody>\n<\/table>\n","protected":false},"excerpt":{"rendered":"<p>Windows alap\u00fa b\u00e9rsz\u00e1mfejt\u0151 program. Els\u0151, akkor m\u00e9g DOS alap\u00fa verzi\u00f3ja k\u00f6nyvel\u0151 programjainkban, egy be\u00e9p\u00edtett t\u00f6bbletszolg\u00e1ltat\u00e1sk\u00e9nt jelent meg 1997-ben. Akkor a c\u00e9lunk egy nagyon egyszer\u0171 kis b\u00e9rmodul volt, melyet ingyenesen biztos\u00edtottunk az \u00e1ltalunk forgalmazott szoftverekhez. Tov\u00e1bbi 3 \u00e9v telt el az els\u0151 \u00f6n\u00e1ll\u00f3, k\u00fcl\u00f6n is el\u00e9rhet\u0151 program megjelen\u00e9s\u00e9ig. Ezt folyamatosan friss\u00edtett\u00fck, igyekezt\u00fcnk Felhaszn\u00e1l\u00f3ink ig\u00e9nyeinek megfelel\u0151en b\u0151v\u00edtve t\u00f6k\u00e9letes\u00edteni. A Db\u00e9rWIN ennek a kor\u00e1bbi, DOS-os rendszernek a haszn\u00e1lata sor\u00e1n \u00f6sszegy\u0171jt\u00f6tt tapasztalatok figyelembev\u00e9tel\u00e9vel \u00edr\u00f3dott meg 2003-ban. 2004 \u00f3ta van a piacon, a mai napig b\u0151v\u00edtj\u00fck tud\u00e1s\u00e1t, szolg\u00e1ltat\u00e1sait. Jellemz\u0151k egyszer\u0171 kezelhet\u0151s\u00e9g, sokf\u00e9le el\u0151re be\u00e1ll\u00edtott kifizet\u00e9si jogc\u00edm havid\u00edjas, munkaid\u0151keretes, \u00f3rad\u00edjas \u00e9s teljes\u00edtm\u00e9ny [&hellip;]<\/p>\n","protected":false},"author":3,"featured_media":0,"parent":0,"menu_order":0,"comment_status":"closed","ping_status":"open","template":"","meta":{"footnotes":""},"class_list":["post-272","page","type-page","status-publish","hentry"],"_links":{"self":[{"href":"https:\/\/www.drd-software.com\/index.php?rest_route=\/wp\/v2\/pages\/272","targetHints":{"allow":["GET"]}}],"collection":[{"href":"https:\/\/www.drd-software.com\/index.php?rest_route=\/wp\/v2\/pages"}],"about":[{"href":"https:\/\/www.drd-software.com\/index.php?rest_route=\/wp\/v2\/types\/page"}],"author":[{"embeddable":true,"href":"https:\/\/www.drd-software.com\/index.php?rest_route=\/wp\/v2\/users\/3"}],"replies":[{"embeddable":true,"href":"https:\/\/www.drd-software.com\/index.php?rest_route=%2Fwp%2Fv2%2Fcomments&post=272"}],"version-history":[{"count":0,"href":"https:\/\/www.drd-software.com\/index.php?rest_route=\/wp\/v2\/pages\/272\/revisions"}],"wp:attachment":[{"href":"https:\/\/www.drd-software.com\/index.php?rest_route=%2Fwp%2Fv2%2Fmedia&parent=272"}],"curies":[{"name":"wp","href":"https:\/\/api.w.org\/{rel}","templated":true}]}}