

{"id":127,"date":"2012-06-30T11:55:23","date_gmt":"2012-06-30T11:55:23","guid":{"rendered":"http:\/\/www.drd-software.hu\/?page_id=127"},"modified":"2026-03-19T15:26:17","modified_gmt":"2026-03-19T14:26:17","slug":"contact-us","status":"publish","type":"page","link":"https:\/\/www.drd-software.com\/?page_id=127","title":{"rendered":"Kapcsolat"},"content":{"rendered":"<h2>DRD-Software\u2122<\/h2>\n<h3>C.A.T. Consulting Gazdas\u00e1gi Tan\u00e1csad\u00f3, K\u00f6nyvel\u0151 \u00e9s Rendszerfejleszt\u0151 Kft.<\/h3>\n<p><strong>Iroda:<\/strong> 8000 Sz\u00e9kesfeh\u00e9rv\u00e1r, Malom u. 36\/F\/1.<br \/>\n<strong>Postac\u00edm:<\/strong> 8002 Sz\u00e9kesfeh\u00e9rv\u00e1r, Pf. 202.<\/p>\n<p><strong>Telefon:<\/strong> +36 (30) 179-7599<br \/>\n<strong>FIGYELEM! K\u00e9sz\u00fcl\u00e9keinken nem tudunk SMS-t fogadni!<\/strong><\/p>\n<p><strong>E-mail:<\/strong> info(kukac)drd-software.hu<\/p>\n<p><strong>Telefonos el\u00e9rhet\u0151s\u00e9g\u00fcnk:<\/strong><br \/>\n&#8211; Munkanapokon <strong>8:30 \u00e9s 14:00<\/strong> \u00f3ra k\u00f6z\u00f6tt<\/p>\n<p><strong>Szem\u00e9lyes tal\u00e1lkoz\u00f3hoz k\u00e9rj\u00fck, MINDENK\u00c9PPEN egyeztessen id\u0151pontot, mivel v\u00e1ltoz\u00f3 id\u0151pontokban vagyunk az irod\u00e1ban!<\/strong><\/p>\n<p>Irod\u00e1nk GPS koordin\u00e1t\u00e1i: N47.20302 E18.40183<\/p>\n<p><a href=\"https:\/\/www.drd-software.hu\/wp-content\/uploads\/2020\/08\/Kep_05.jpg\"><img loading=\"lazy\" decoding=\"async\" class=\"size-medium wp-image-1342 aligncenter\" src=\"https:\/\/www.drd-software.hu\/wp-content\/uploads\/2020\/08\/Kep_05-300x182.jpg\" alt=\"\" width=\"300\" height=\"182\" \/><\/a><a href=\"https:\/\/www.drd-software.hu\/wp-content\/uploads\/2012\/06\/IMG_20161012_125412.jpg\"><img loading=\"lazy\" decoding=\"async\" class=\"aligncenter wp-image-959 size-medium\" src=\"https:\/\/www.drd-software.hu\/wp-content\/uploads\/2012\/06\/IMG_20161012_125412-300x169.jpg\" alt=\"\" width=\"300\" height=\"169\" \/><\/a><\/p>\n","protected":false},"excerpt":{"rendered":"<p>DRD-Software\u2122 C.A.T. Consulting Gazdas\u00e1gi Tan\u00e1csad\u00f3, K\u00f6nyvel\u0151 \u00e9s Rendszerfejleszt\u0151 Kft. Iroda: 8000 Sz\u00e9kesfeh\u00e9rv\u00e1r, Malom u. 36\/F\/1. Postac\u00edm: 8002 Sz\u00e9kesfeh\u00e9rv\u00e1r, Pf. 202. Telefon: +36 (30) 179-7599 FIGYELEM! K\u00e9sz\u00fcl\u00e9keinken nem tudunk SMS-t fogadni! E-mail: info(kukac)drd-software.hu Telefonos el\u00e9rhet\u0151s\u00e9g\u00fcnk: &#8211; Munkanapokon 8:30 \u00e9s 14:00 \u00f3ra k\u00f6z\u00f6tt Szem\u00e9lyes tal\u00e1lkoz\u00f3hoz k\u00e9rj\u00fck, MINDENK\u00c9PPEN egyeztessen id\u0151pontot, mivel v\u00e1ltoz\u00f3 id\u0151pontokban vagyunk az irod\u00e1ban! Irod\u00e1nk GPS koordin\u00e1t\u00e1i: N47.20302 E18.40183<\/p>\n","protected":false},"author":3,"featured_media":0,"parent":0,"menu_order":0,"comment_status":"closed","ping_status":"closed","template":"","meta":{"footnotes":""},"class_list":["post-127","page","type-page","status-publish","hentry"],"_links":{"self":[{"href":"https:\/\/www.drd-software.com\/index.php?rest_route=\/wp\/v2\/pages\/127","targetHints":{"allow":["GET"]}}],"collection":[{"href":"https:\/\/www.drd-software.com\/index.php?rest_route=\/wp\/v2\/pages"}],"about":[{"href":"https:\/\/www.drd-software.com\/index.php?rest_route=\/wp\/v2\/types\/page"}],"author":[{"embeddable":true,"href":"https:\/\/www.drd-software.com\/index.php?rest_route=\/wp\/v2\/users\/3"}],"replies":[{"embeddable":true,"href":"https:\/\/www.drd-software.com\/index.php?rest_route=%2Fwp%2Fv2%2Fcomments&post=127"}],"version-history":[{"count":0,"href":"https:\/\/www.drd-software.com\/index.php?rest_route=\/wp\/v2\/pages\/127\/revisions"}],"wp:attachment":[{"href":"https:\/\/www.drd-software.com\/index.php?rest_route=%2Fwp%2Fv2%2Fmedia&parent=127"}],"curies":[{"name":"wp","href":"https:\/\/api.w.org\/{rel}","templated":true}]}}